{"id":11876,"date":"2025-05-12T10:24:54","date_gmt":"2025-05-12T08:24:54","guid":{"rendered":"https:\/\/epidor.com\/?page_id=11876"},"modified":"2025-05-14T14:26:46","modified_gmt":"2025-05-14T12:26:46","slug":"team","status":"publish","type":"page","link":"https:\/\/epidor.com\/en\/equipo\/","title":{"rendered":"Join the team"},"content":{"rendered":"<h1>\u00danete al equipo<\/h1>\n<div>\n<p><b>En Epidor, somos pioneros en lo que hacemos.<\/b><\/p>\n<p><span>Cuando el sector piensa en estanqueidad, piensa en nosotros. Con 60 a\u00f1os de experiencia a nuestras espaldas, hemos transformado la industria con conocimiento, innovaci\u00f3n y compromiso.<\/span><\/p>\n<p><span>Trabajamos en m\u00faltiples sectores, ofreciendo soluciones dise\u00f1adas para maximizar la fiabilidad, la eficiencia y la sostenibilidad de cada aplicaci\u00f3n. Nuestro liderazgo no se limita a la t\u00e9cnica: somos impulsores del cambio, implementando acciones que mejoran el mundo industrial con cada proyecto que desarrollamos.<\/span><\/p>\n<\/div>\n<div>\n<p>    <img decoding=\"async\" src=\"\/wp-content\/uploads\/2025\/05\/imagen-unete-al-equipo.jpg\" alt=\"\"><\/p>\n<\/div>\n<h2>Si sientes que eres pionero y quieres impulsar el cambio, queremos conocerte.<\/h2>\n<div>\n<p>En Epidor, buscamos personas que compartan nuestra pasi\u00f3n por la excelencia, la innovaci\u00f3n y el impacto real en la industria. \u00danete a un equipo donde el conocimiento se transforma en soluciones y donde cada proyecto es una oportunidad para marcar la diferencia.<\/p>\n<p>El futuro de la estanqueidad lo seguimos escribiendo juntos. \u00bfTe unes?<\/p>\n<\/div>\n<p><p>\n        <a href=\"https:\/\/weare.epi-industries.com\/\">\u00danete<\/a>\n    <\/p>\n<\/p>\n<h3>Andrea Bernad\u00f3<\/h3>\n<div>Este mes, cumplo 4 a\u00f1os en Epidor, durante este tiempo he podido mejorar mis habilidades y adquirir nuevos conocimientos a la hora de desempe\u00f1ar mis tareas, esto ha sido posible tambi\u00e9n gracias a mis compa\u00f1eros quienes me facilitan el d\u00eda a d\u00eda y representan un apoyo para m\u00ed. El camino a recorrer es largo y aun me queda mucho por aprender, espero poder seguir sumando durante mucho tiempo!<\/div>\n<h3>Julio Laguna<\/h3>\n<div>\n<p><span>Estoy en el equipo de EPIDOR SRT desde el 2022, aunque llevo m\u00e1s de 30 a\u00f1os dentro del Grupo EPIDOR (EPIFOC). De mi experiencia durante todo este tiempo en el Equipo de Ventas, destacar\u00eda el <\/span><b>TRABAJO EN EQUIPO<\/b><span> con los distintos departamentos (Compras, Log\u00edstica, T\u00e9cnico, Imagen, RRHH, Financiero, Inform\u00e1tico, etc &#8230;) y el enfoque de la compa\u00f1\u00eda a trabajar al lado de nuestros clientes en la b\u00fasqueda de <\/span><b>SOLUCIONES<\/b><span>.\u00a0 Al estar en contacto directo, tanto\u00a0 con mis compa\u00f1eros, como con los clientes, en EPIDOR, cada d\u00eda encontramos nuevas experiencias motivadoras, y el aprendizaje es constante.<\/span><\/p>\n<\/div>\n<h3>Jose Lu\u00eds Padilla<\/h3>\n<div>\n<p><span>Llevo 7 a\u00f1os en Epidor SRT\u00a0 y, en todo este tiempo, he tenido la oportunidad de aprender y enfrentarme a muchos desaf\u00edos. Me gustan las tareas que realizo, ya que me permiten crecer y mejorar constantemente, adem\u00e1s de trabajar con un equipo de personas muy profesional.<\/span><\/p>\n<p><span>La empresa ha sido clave en mi desarrollo, siempre apoy\u00e1ndome para seguir mejorando.\u00a0 Empec\u00e9 con 18 a\u00f1os , y mis compa\u00f1eros y superiores han sido fundamentales para seguir aprendiendo y evolucionando profesionalmente.\u00a0<\/span><\/p>\n<\/div>\n<h3>Natalia Garcia-Hierro<\/h3>\n<div>\n<p><span>Mi reciente incorporaci\u00f3n a esta gran familia me ha brindado una oportunidad muy interesante y positiva para mi desarrollo profesional.<\/span><\/p>\n<p><span>Desde el primer momento me he sentido muy acogida y apoyada en mi camino de aprendizaje. No podr\u00eda pedir mejores compa\u00f1eros, quienes me ense\u00f1an y me ayudan con mis dudas en el d\u00eda a d\u00eda.\u00a0<\/span><\/p>\n<p><span>Aun me queda mucho camino por recorrer, pues el mundo de la estanqueidad es inmenso donde nunca dejas de aprender algo nuevo, pero trabajar mano a mano con un equipo lleno de grandes personas y profesionales hace que la experiencia sea m\u00e1s enriquecedora y divertida. <br \/><\/span><\/p>\n<\/div>\n<p><!--more--><br \/>\n<!-- {\"type\":\"layout\",\"children\":[{\"type\":\"section\",\"props\":{\"animation\":\"fade\",\"animation_delay\":\"200\",\"header_transparent\":true,\"header_transparent_noplaceholder\":false,\"image_position\":\"center-center\",\"image_size\":\"height-1-1\",\"padding_remove_bottom\":false,\"padding_remove_top\":false,\"style\":\"muted\",\"title_breakpoint\":\"xl\",\"title_position\":\"top-left\",\"title_rotation\":\"left\",\"vertical_align\":\"middle\",\"width\":\"default\"},\"children\":[{\"type\":\"row\",\"props\":{\"layout\":\"1-2,1-2\"},\"children\":[{\"type\":\"column\",\"props\":{\"image_position\":\"center-center\",\"position_sticky_breakpoint\":\"m\",\"width_medium\":\"1-2\"},\"children\":[{\"type\":\"headline\",\"props\":{\"animation\":\"slide-bottom-medium\",\"content\":\"\\u00danete al equipo\",\"maxwidth\":\"large\",\"title_element\":\"h1\",\"title_style\":\"h1\"}}]},{\"type\":\"column\",\"props\":{\"image_position\":\"center-center\",\"position_sticky_breakpoint\":\"m\",\"width_medium\":\"1-2\"},\"children\":[{\"type\":\"text\",\"props\":{\"column_breakpoint\":\"m\",\"content\":\"\n\n<p><b>En Epidor, somos pioneros en lo que hacemos.<\\\/b><\\\/p>\\n\n\n<p><span>Cuando el sector piensa en estanqueidad, piensa en nosotros. Con 60 a\\u00f1os de experiencia a nuestras espaldas, hemos transformado la industria con conocimiento, innovaci\\u00f3n y compromiso.<\\\/span><\\\/p>\\n\n\n<p><span>Trabajamos en m\\u00faltiples sectores, ofreciendo soluciones dise\\u00f1adas para maximizar la fiabilidad, la eficiencia y la sostenibilidad de cada aplicaci\\u00f3n. Nuestro liderazgo no se limita a la t\\u00e9cnica: somos impulsores del cambio, implementando acciones que mejoran el mundo industrial con cada proyecto que desarrollamos.<\\\/span><\\\/p>\",\"margin\":\"default\",\"text_style\":\"large\"}}]}]}],\"name\":\"Hero\"},{\"type\":\"section\",\"props\":{\"animation\":\"fade\",\"image_position\":\"center-center\",\"padding\":\"none\",\"style\":\"default\",\"title_breakpoint\":\"xl\",\"title_position\":\"top-left\",\"title_rotation\":\"left\",\"vertical_align\":\"middle\",\"width\":\"\"},\"children\":[{\"type\":\"row\",\"children\":[{\"type\":\"column\",\"props\":{\"image_position\":\"center-center\",\"position_sticky_breakpoint\":\"m\"},\"children\":[{\"type\":\"slideshow\",\"props\":{\"animation\":\"slide-bottom-medium\",\"link_style\":\"default\",\"link_text\":\"Read more\",\"margin\":\"default\",\"meta_align\":\"below-title\",\"meta_element\":\"div\",\"meta_style\":\"text-meta\",\"nav\":\"\",\"nav_align\":\"center\",\"nav_breakpoint\":\"s\",\"nav_position\":\"bottom-center\",\"nav_position_margin\":\"medium\",\"overlay_animation\":\"parallax\",\"overlay_position\":\"center-left\",\"parallax_easing\":\"-1.1\",\"parallax_scale\":\"1 0%,0.9 80%\",\"show_content\":true,\"show_link\":true,\"show_meta\":true,\"show_thumbnail\":true,\"show_title\":true,\"slidenav\":\"\",\"slidenav_breakpoint\":\"s\",\"slidenav_margin\":\"medium\",\"slidenav_outside_breakpoint\":\"xl\",\"slideshow_autoplay_pause\":true,\"slideshow_max_height\":\"900\",\"slideshow_min_height\":300,\"slideshow_ratio\":\"16:9\",\"thumbnav_height\":\"75\",\"thumbnav_svg_color\":\"emphasis\",\"thumbnav_width\":\"100\",\"title_element\":\"h3\",\"title_hover_style\":\"reset\"},\"children\":[{\"type\":\"slideshow_item\",\"props\":{\"image\":\"wp-content\\\/uploads\\\/2025\\\/05\\\/imagen-unete-al-equipo.jpg\"}}]}]}]}],\"name\":\"Imatge\"},{\"type\":\"section\",\"props\":{\"animation\":\"fade\",\"animation_delay\":\"200\",\"image_position\":\"center-center\",\"padding\":\"small\",\"style\":\"default\",\"title_breakpoint\":\"xl\",\"title_position\":\"top-left\",\"title_rotation\":\"left\",\"vertical_align\":\"middle\",\"width\":\"default\"},\"children\":[{\"type\":\"row\",\"children\":[{\"type\":\"column\",\"props\":{\"image_position\":\"center-center\",\"position_sticky_breakpoint\":\"m\"},\"children\":[{\"type\":\"headline\",\"props\":{\"animation\":\"slide-bottom-medium\",\"block_align\":\"center\",\"content\":\"Si sientes que eres pionero y quieres impulsar el cambio, queremos conocerte.\",\"maxwidth\":\"2xlarge\",\"text_align\":\"center\",\"title_element\":\"h2\",\"title_style\":\"h1\"}},{\"type\":\"text\",\"props\":{\"animation\":\"slide-bottom-medium\",\"block_align\":\"center\",\"column_breakpoint\":\"m\",\"content\":\"\n\n<p>En Epidor, buscamos personas que compartan nuestra pasi\\u00f3n por la excelencia, la innovaci\\u00f3n y el impacto real en la industria. \\u00danete a un equipo donde el conocimiento se transforma en soluciones y donde cada proyecto es una oportunidad para marcar la diferencia.<\\\/p>\\n\n\n<p>El futuro de la estanqueidad lo seguimos escribiendo juntos. \\u00bfTe unes?<\\\/p>\",\"margin\":\"default\",\"maxwidth\":\"2xlarge\",\"text_align\":\"center\"}},{\"type\":\"button\",\"props\":{\"grid_column_gap\":\"small\",\"grid_row_gap\":\"small\",\"margin\":\"default\",\"text_align\":\"center\"},\"children\":[{\"type\":\"button_item\",\"props\":{\"button_style\":\"default\",\"content\":\"\\u00danete\",\"dialog_layout\":\"modal\",\"dialog_offcanvas_flip\":true,\"icon\":\"sign-out\",\"icon_align\":\"left\",\"link\":\"https:\\\/\\\/weare.epi-industries.com\\\/\",\"link_target\":\"blank\"}}]}]}]}],\"name\":\"Compromiso\"},{\"type\":\"section\",\"props\":{\"animation\":\"fade\",\"animation_delay\":\"200\",\"css\":\".el-section .uk-tile{\\n\\tborder-radius:0;\\n}\",\"image_position\":\"center-center\",\"padding\":\"none\",\"padding_remove_horizontal\":true,\"style\":\"default\",\"title_breakpoint\":\"xl\",\"title_position\":\"top-left\",\"title_rotation\":\"left\",\"vertical_align\":\"middle\",\"width\":\"\"},\"children\":[{\"type\":\"row\",\"props\":{\"column_gap\":\"collapse\",\"layout\":\"1-2,1-2\",\"row_gap\":\"collapse\"},\"children\":[{\"type\":\"column\",\"props\":{\"css\":\".el-column{\\n\\tmin-height:725px;\\n}\",\"image\":\"wp-content\\\/uploads\\\/2025\\\/05\\\/andrea-bernardo.jpg\",\"image_effect\":\"parallax\",\"image_parallax_bgy\":\"0 0%,150 100%\",\"image_position\":\"center-center\",\"image_size\":\"cover\",\"position_sticky_breakpoint\":\"m\",\"width_medium\":\"1-2\"}},{\"type\":\"column\",\"props\":{\"image_position\":\"center-center\",\"position_sticky_breakpoint\":\"m\",\"style\":\"tile-muted\",\"width_medium\":\"1-2\"},\"children\":[{\"type\":\"headline\",\"props\":{\"animation\":\"slide-bottom-medium\",\"block_align\":\"center\",\"content\":\"Andrea Bernad\\u00f3\",\"maxwidth\":\"xlarge\",\"maxwidth_breakpoint\":\"m\",\"title_element\":\"h3\",\"title_style\":\"h1\"}},{\"type\":\"text\",\"props\":{\"animation\":\"slide-bottom-medium\",\"block_align\":\"center\",\"column_breakpoint\":\"m\",\"content\":\"Este mes, cumplo 4 a\\u00f1os en Epidor, durante este tiempo he podido mejorar mis habilidades y adquirir nuevos conocimientos a la hora de desempe\\u00f1ar mis tareas, esto ha sido posible tambi\\u00e9n gracias a mis compa\\u00f1eros quienes me facilitan el d\\u00eda a d\\u00eda y representan un apoyo para m\\u00ed. El camino a recorrer es largo y aun me queda mucho por aprender, espero poder seguir sumando durante mucho tiempo!\",\"margin\":\"default\",\"maxwidth\":\"xlarge\",\"maxwidth_breakpoint\":\"m\"}}]}]}],\"name\":\"Grid 1\"},{\"type\":\"section\",\"props\":{\"animation\":\"fade\",\"animation_delay\":\"200\",\"css\":\".el-section .uk-tile{\\n\\tborder-radius:0;\\n}\",\"image_position\":\"center-center\",\"padding\":\"none\",\"padding_remove_horizontal\":true,\"style\":\"default\",\"title_breakpoint\":\"xl\",\"title_position\":\"top-left\",\"title_rotation\":\"left\",\"vertical_align\":\"middle\",\"width\":\"\"},\"children\":[{\"type\":\"row\",\"props\":{\"column_gap\":\"collapse\",\"layout\":\"1-2,1-2\",\"row_gap\":\"collapse\"},\"children\":[{\"type\":\"column\",\"props\":{\"css\":\".el-column{\\n\\tmin-height:725px;\\n}\",\"image\":\"wp-content\\\/uploads\\\/2025\\\/05\\\/julio-laguna.jpg\",\"image_effect\":\"parallax\",\"image_parallax_bgy\":\"0 0%,150 100%\",\"image_position\":\"center-center\",\"image_size\":\"cover\",\"position_sticky_breakpoint\":\"m\",\"width_medium\":\"1-2\"}},{\"type\":\"column\",\"props\":{\"image_position\":\"center-center\",\"order_first\":\"m\",\"position_sticky_breakpoint\":\"m\",\"style\":\"tile-muted\",\"width_medium\":\"1-2\"},\"children\":[{\"type\":\"headline\",\"props\":{\"animation\":\"slide-bottom-medium\",\"block_align\":\"center\",\"content\":\"Julio Laguna\",\"maxwidth\":\"xlarge\",\"maxwidth_breakpoint\":\"m\",\"title_element\":\"h3\",\"title_style\":\"h1\"}},{\"type\":\"text\",\"props\":{\"animation\":\"slide-bottom-medium\",\"block_align\":\"center\",\"column_breakpoint\":\"m\",\"content\":\"\n\n<p><span>Estoy en el equipo de EPIDOR SRT desde el 2022, aunque llevo m\\u00e1s de 30 a\\u00f1os dentro del Grupo EPIDOR (EPIFOC). De mi experiencia durante todo este tiempo en el Equipo de Ventas, destacar\\u00eda el <\\\/span><b>TRABAJO EN EQUIPO<\\\/b><span> con los distintos departamentos (Compras, Log\\u00edstica, T\\u00e9cnico, Imagen, RRHH, Financiero, Inform\\u00e1tico, etc ...) y el enfoque de la compa\\u00f1\\u00eda a trabajar al lado de nuestros clientes en la b\\u00fasqueda de <\\\/span><b>SOLUCIONES<\\\/b><span>.\\u00a0 Al estar en contacto directo, tanto\\u00a0 con mis compa\\u00f1eros, como con los clientes, en EPIDOR, cada d\\u00eda encontramos nuevas experiencias motivadoras, y el aprendizaje es constante.<\\\/span><\\\/p>\",\"margin\":\"default\",\"maxwidth\":\"xlarge\",\"maxwidth_breakpoint\":\"m\"}}]}]}],\"name\":\"Grid 1\"},{\"type\":\"section\",\"props\":{\"animation\":\"fade\",\"animation_delay\":\"200\",\"css\":\".el-section .uk-tile{\\n\\tborder-radius:0;\\n}\",\"image_position\":\"center-center\",\"padding\":\"none\",\"padding_remove_horizontal\":true,\"style\":\"default\",\"title_breakpoint\":\"xl\",\"title_position\":\"top-left\",\"title_rotation\":\"left\",\"vertical_align\":\"middle\",\"width\":\"\"},\"children\":[{\"type\":\"row\",\"props\":{\"column_gap\":\"collapse\",\"layout\":\"1-2,1-2\",\"row_gap\":\"collapse\"},\"children\":[{\"type\":\"column\",\"props\":{\"css\":\".el-column{\\n\\tmin-height:725px;\\n}\",\"image\":\"wp-content\\\/uploads\\\/2025\\\/05\\\/jose-luis-padilla.jpg\",\"image_effect\":\"parallax\",\"image_parallax_bgy\":\"0 0%,150 100%\",\"image_position\":\"top-center\",\"image_size\":\"cover\",\"media_focal_point\":\"top-center\",\"position_sticky_breakpoint\":\"m\",\"width_medium\":\"1-2\"}},{\"type\":\"column\",\"props\":{\"image_position\":\"center-center\",\"position_sticky_breakpoint\":\"m\",\"style\":\"tile-muted\",\"width_medium\":\"1-2\"},\"children\":[{\"type\":\"headline\",\"props\":{\"animation\":\"slide-bottom-medium\",\"block_align\":\"center\",\"content\":\"Jose Lu\\u00eds Padilla\",\"maxwidth\":\"xlarge\",\"maxwidth_breakpoint\":\"m\",\"title_element\":\"h3\",\"title_style\":\"h1\"}},{\"type\":\"text\",\"props\":{\"animation\":\"slide-bottom-medium\",\"block_align\":\"center\",\"column_breakpoint\":\"m\",\"content\":\"\n\n<p><span>Llevo 7 a\\u00f1os en Epidor SRT\\u00a0 y, en todo este tiempo, he tenido la oportunidad de aprender y enfrentarme a muchos desaf\\u00edos. Me gustan las tareas que realizo, ya que me permiten crecer y mejorar constantemente, adem\\u00e1s de trabajar con un equipo de personas muy profesional.<\\\/span><\\\/p>\\n\n\n<p><span>La empresa ha sido clave en mi desarrollo, siempre apoy\\u00e1ndome para seguir mejorando.\\u00a0 Empec\\u00e9 con 18 a\\u00f1os , y mis compa\\u00f1eros y superiores han sido fundamentales para seguir aprendiendo y evolucionando profesionalmente.\\u00a0<\\\/span><\\\/p>\",\"margin\":\"default\",\"maxwidth\":\"xlarge\",\"maxwidth_breakpoint\":\"m\"}}]}]}],\"name\":\"Grid 1\"},{\"type\":\"section\",\"props\":{\"animation\":\"fade\",\"animation_delay\":\"200\",\"css\":\".el-section .uk-tile{\\n\\tborder-radius:0;\\n}\",\"image_position\":\"center-center\",\"padding\":\"none\",\"padding_remove_horizontal\":true,\"style\":\"default\",\"title_breakpoint\":\"xl\",\"title_position\":\"top-left\",\"title_rotation\":\"left\",\"vertical_align\":\"middle\",\"width\":\"\"},\"children\":[{\"type\":\"row\",\"props\":{\"column_gap\":\"collapse\",\"layout\":\"1-2,1-2\",\"row_gap\":\"collapse\"},\"children\":[{\"type\":\"column\",\"props\":{\"css\":\".el-column{\\n\\tmin-height:725px;\\n}\",\"image\":\"wp-content\\\/uploads\\\/2025\\\/05\\\/Natalia-garcia-hierro.jpg\",\"image_parallax_bgy\":\"0 0%,150 100%\",\"image_position\":\"top-center\",\"position_sticky_breakpoint\":\"m\",\"vertical_align\":\"middle\",\"width_medium\":\"1-2\"}},{\"type\":\"column\",\"props\":{\"image_position\":\"center-center\",\"order_first\":\"m\",\"position_sticky_breakpoint\":\"m\",\"style\":\"tile-muted\",\"width_medium\":\"1-2\"},\"children\":[{\"type\":\"headline\",\"props\":{\"animation\":\"slide-bottom-medium\",\"block_align\":\"center\",\"content\":\"Natalia Garcia-Hierro\",\"maxwidth\":\"xlarge\",\"maxwidth_breakpoint\":\"m\",\"title_element\":\"h3\",\"title_style\":\"h1\"}},{\"type\":\"text\",\"props\":{\"animation\":\"slide-bottom-medium\",\"block_align\":\"center\",\"column_breakpoint\":\"m\",\"content\":\"\n\n<p><span>Mi reciente incorporaci\\u00f3n a esta gran familia me ha brindado una oportunidad muy interesante y positiva para mi desarrollo profesional.<\\\/span><\\\/p>\\n\n\n<p><span>Desde el primer momento me he sentido muy acogida y apoyada en mi camino de aprendizaje. No podr\\u00eda pedir mejores compa\\u00f1eros, quienes me ense\\u00f1an y me ayudan con mis dudas en el d\\u00eda a d\\u00eda.\\u00a0<\\\/span><\\\/p>\\n\n\n<p><span>Aun me queda mucho camino por recorrer, pues el mundo de la estanqueidad es inmenso donde nunca dejas de aprender algo nuevo, pero trabajar mano a mano con un equipo lleno de grandes personas y profesionales hace que la experiencia sea m\\u00e1s enriquecedora y divertida. <br \\\/><\\\/span><\\\/p>\",\"margin\":\"default\",\"maxwidth\":\"xlarge\",\"maxwidth_breakpoint\":\"m\"}}]}]}],\"name\":\"Grid 1\"}],\"version\":\"4.5.15\",\"yooessentialsVersion\":\"2.3.12\"} --><\/p>\n","protected":false},"excerpt":{"rendered":"<p>\u00danete al equipo En Epidor, somos pioneros en lo que hacemos. Cuando el sector piensa en estanqueidad, piensa en nosotros. Con 60 a\u00f1os de experiencia a nuestras espaldas, hemos transformado la industria con conocimiento, innovaci\u00f3n y compromiso. Trabajamos en m\u00faltiples sectores, ofreciendo soluciones dise\u00f1adas para maximizar la fiabilidad, la eficiencia y la sostenibilidad de cada [&hellip;]<\/p>\n","protected":false},"author":1,"featured_media":0,"parent":0,"menu_order":0,"comment_status":"closed","ping_status":"closed","template":"","meta":{"_acf_changed":false,"footnotes":""},"class_list":["post-11876","page","type-page","status-publish","hentry"],"acf":[],"yoast_head":"<!-- This site is optimized with the Yoast SEO plugin v27.2 - https:\/\/yoast.com\/product\/yoast-seo-wordpress\/ -->\n<title>\u00danete al equipo - Epidor - Expertos en soluciones de estanqueidad<\/title>\n<meta name=\"robots\" content=\"index, follow, max-snippet:-1, max-image-preview:large, max-video-preview:-1\" \/>\n<link rel=\"canonical\" href=\"https:\/\/epidor.com\/en\/team\/\" \/>\n<meta property=\"og:locale\" content=\"en_US\" \/>\n<meta property=\"og:type\" content=\"article\" \/>\n<meta property=\"og:title\" content=\"\u00danete al equipo - Epidor - Expertos en soluciones de estanqueidad\" \/>\n<meta property=\"og:description\" content=\"\u00danete al equipo En Epidor, somos pioneros en lo que hacemos. Cuando el sector piensa en estanqueidad, piensa en nosotros. Con 60 a\u00f1os de experiencia a nuestras espaldas, hemos transformado la industria con conocimiento, innovaci\u00f3n y compromiso. Trabajamos en m\u00faltiples sectores, ofreciendo soluciones dise\u00f1adas para maximizar la fiabilidad, la eficiencia y la sostenibilidad de cada [&hellip;]\" \/>\n<meta property=\"og:url\" content=\"https:\/\/epidor.com\/en\/team\/\" \/>\n<meta property=\"og:site_name\" content=\"Epidor - Expertos en soluciones de estanqueidad\" \/>\n<meta property=\"article:modified_time\" content=\"2025-05-14T12:26:46+00:00\" \/>\n<meta property=\"og:image\" content=\"https:\/\/epidor.com\/wp-content\/uploads\/2025\/05\/imagen-unete-al-equipo.jpg\" \/>\n\t<meta property=\"og:image:width\" content=\"2000\" \/>\n\t<meta property=\"og:image:height\" content=\"1093\" \/>\n\t<meta property=\"og:image:type\" content=\"image\/jpeg\" \/>\n<meta name=\"twitter:card\" content=\"summary_large_image\" \/>\n<meta name=\"twitter:label1\" content=\"Est. reading time\" \/>\n\t<meta name=\"twitter:data1\" content=\"3 minutes\" \/>\n<script type=\"application\/ld+json\" class=\"yoast-schema-graph\">{\"@context\":\"https:\/\/schema.org\",\"@graph\":[{\"@type\":\"WebPage\",\"@id\":\"https:\/\/epidor.com\/en\/equipo\/\",\"url\":\"https:\/\/epidor.com\/en\/equipo\/\",\"name\":\"\u00danete al equipo - Epidor - Expertos en soluciones de estanqueidad\",\"isPartOf\":{\"@id\":\"https:\/\/epidor.com\/en\/#website\"},\"datePublished\":\"2025-05-12T08:24:54+00:00\",\"dateModified\":\"2025-05-14T12:26:46+00:00\",\"breadcrumb\":{\"@id\":\"https:\/\/epidor.com\/en\/equipo\/#breadcrumb\"},\"inLanguage\":\"en\",\"potentialAction\":[{\"@type\":\"ReadAction\",\"target\":[\"https:\/\/epidor.com\/en\/equipo\/\"]}]},{\"@type\":\"BreadcrumbList\",\"@id\":\"https:\/\/epidor.com\/en\/equipo\/#breadcrumb\",\"itemListElement\":[{\"@type\":\"ListItem\",\"position\":1,\"name\":\"Portada\",\"item\":\"https:\/\/epidor.com\/\"},{\"@type\":\"ListItem\",\"position\":2,\"name\":\"\u00danete al equipo\"}]},{\"@type\":\"WebSite\",\"@id\":\"https:\/\/epidor.com\/en\/#website\",\"url\":\"https:\/\/epidor.com\/en\/\",\"name\":\"Epidor - Expertos en soluciones de estanqueidad\",\"description\":\"Expertos en soluciones de estanqueidad\",\"publisher\":{\"@id\":\"https:\/\/epidor.com\/en\/#organization\"},\"potentialAction\":[{\"@type\":\"SearchAction\",\"target\":{\"@type\":\"EntryPoint\",\"urlTemplate\":\"https:\/\/epidor.com\/en\/?s={search_term_string}\"},\"query-input\":{\"@type\":\"PropertyValueSpecification\",\"valueRequired\":true,\"valueName\":\"search_term_string\"}}],\"inLanguage\":\"en\"},{\"@type\":\"Organization\",\"@id\":\"https:\/\/epidor.com\/en\/#organization\",\"name\":\"Epidor - Expertos en soluciones de estanqueidad\",\"url\":\"https:\/\/epidor.com\/en\/\",\"logo\":{\"@type\":\"ImageObject\",\"inLanguage\":\"en\",\"@id\":\"https:\/\/epidor.com\/en\/#\/schema\/logo\/image\/\",\"url\":\"https:\/\/epidor.com\/wp-content\/uploads\/2025\/05\/favicon-epidor-180.png\",\"contentUrl\":\"https:\/\/epidor.com\/wp-content\/uploads\/2025\/05\/favicon-epidor-180.png\",\"width\":180,\"height\":180,\"caption\":\"Epidor - Expertos en soluciones de estanqueidad\"},\"image\":{\"@id\":\"https:\/\/epidor.com\/en\/#\/schema\/logo\/image\/\"}}]}<\/script>\n<!-- \/ Yoast SEO plugin. -->","yoast_head_json":{"title":"Join the team - Epidor - Expert in sealing solutions","robots":{"index":"index","follow":"follow","max-snippet":"max-snippet:-1","max-image-preview":"max-image-preview:large","max-video-preview":"max-video-preview:-1"},"canonical":"https:\/\/epidor.com\/en\/team\/","og_locale":"en_US","og_type":"article","og_title":"\u00danete al equipo - Epidor - Expertos en soluciones de estanqueidad","og_description":"\u00danete al equipo En Epidor, somos pioneros en lo que hacemos. Cuando el sector piensa en estanqueidad, piensa en nosotros. Con 60 a\u00f1os de experiencia a nuestras espaldas, hemos transformado la industria con conocimiento, innovaci\u00f3n y compromiso. Trabajamos en m\u00faltiples sectores, ofreciendo soluciones dise\u00f1adas para maximizar la fiabilidad, la eficiencia y la sostenibilidad de cada [&hellip;]","og_url":"https:\/\/epidor.com\/en\/team\/","og_site_name":"Epidor - Expertos en soluciones de estanqueidad","article_modified_time":"2025-05-14T12:26:46+00:00","og_image":[{"width":2000,"height":1093,"url":"https:\/\/epidor.com\/wp-content\/uploads\/2025\/05\/imagen-unete-al-equipo.jpg","type":"image\/jpeg"}],"twitter_card":"summary_large_image","twitter_misc":{"Est. reading time":"3 minutes"},"schema":{"@context":"https:\/\/schema.org","@graph":[{"@type":"WebPage","@id":"https:\/\/epidor.com\/en\/equipo\/","url":"https:\/\/epidor.com\/en\/equipo\/","name":"Join the team - Epidor - Expert in sealing solutions","isPartOf":{"@id":"https:\/\/epidor.com\/en\/#website"},"datePublished":"2025-05-12T08:24:54+00:00","dateModified":"2025-05-14T12:26:46+00:00","breadcrumb":{"@id":"https:\/\/epidor.com\/en\/equipo\/#breadcrumb"},"inLanguage":"en","potentialAction":[{"@type":"ReadAction","target":["https:\/\/epidor.com\/en\/equipo\/"]}]},{"@type":"BreadcrumbList","@id":"https:\/\/epidor.com\/en\/equipo\/#breadcrumb","itemListElement":[{"@type":"ListItem","position":1,"name":"Portada","item":"https:\/\/epidor.com\/"},{"@type":"ListItem","position":2,"name":"\u00danete al equipo"}]},{"@type":"WebSite","@id":"https:\/\/epidor.com\/en\/#website","url":"https:\/\/epidor.com\/en\/","name":"Epidor - Experts in Sealing Solutions","description":"Experts in sealing solutions","publisher":{"@id":"https:\/\/epidor.com\/en\/#organization"},"potentialAction":[{"@type":"SearchAction","target":{"@type":"EntryPoint","urlTemplate":"https:\/\/epidor.com\/en\/?s={search_term_string}"},"query-input":{"@type":"PropertyValueSpecification","valueRequired":true,"valueName":"search_term_string"}}],"inLanguage":"en"},{"@type":"Organization","@id":"https:\/\/epidor.com\/en\/#organization","name":"Epidor - Experts in Sealing Solutions","url":"https:\/\/epidor.com\/en\/","logo":{"@type":"ImageObject","inLanguage":"en","@id":"https:\/\/epidor.com\/en\/#\/schema\/logo\/image\/","url":"https:\/\/epidor.com\/wp-content\/uploads\/2025\/05\/favicon-epidor-180.png","contentUrl":"https:\/\/epidor.com\/wp-content\/uploads\/2025\/05\/favicon-epidor-180.png","width":180,"height":180,"caption":"Epidor - Expertos en soluciones de estanqueidad"},"image":{"@id":"https:\/\/epidor.com\/en\/#\/schema\/logo\/image\/"}}]}},"_links":{"self":[{"href":"https:\/\/epidor.com\/en\/wp-json\/wp\/v2\/pages\/11876","targetHints":{"allow":["GET"]}}],"collection":[{"href":"https:\/\/epidor.com\/en\/wp-json\/wp\/v2\/pages"}],"about":[{"href":"https:\/\/epidor.com\/en\/wp-json\/wp\/v2\/types\/page"}],"author":[{"embeddable":true,"href":"https:\/\/epidor.com\/en\/wp-json\/wp\/v2\/users\/1"}],"replies":[{"embeddable":true,"href":"https:\/\/epidor.com\/en\/wp-json\/wp\/v2\/comments?post=11876"}],"version-history":[{"count":19,"href":"https:\/\/epidor.com\/en\/wp-json\/wp\/v2\/pages\/11876\/revisions"}],"predecessor-version":[{"id":12183,"href":"https:\/\/epidor.com\/en\/wp-json\/wp\/v2\/pages\/11876\/revisions\/12183"}],"wp:attachment":[{"href":"https:\/\/epidor.com\/en\/wp-json\/wp\/v2\/media?parent=11876"}],"curies":[{"name":"wp","href":"https:\/\/api.w.org\/{rel}","templated":true}]}}