{"id":11975,"date":"2025-05-12T15:58:16","date_gmt":"2025-05-12T13:58:16","guid":{"rendered":"https:\/\/epidor.com\/?page_id=11975"},"modified":"2025-07-14T12:28:50","modified_gmt":"2025-07-14T10:28:50","slug":"epi-industries-and-sustainability","status":"publish","type":"page","link":"https:\/\/epidor.com\/en\/epi-industries-y-la-sostenibilidad\/","title":{"rendered":"EPI Industries and Sustainability"},"content":{"rendered":"<h1>Sostenibilidad<\/h1>\n<p><p>\n        <a href=\"#\">EPI Industries y la Sostenibilidad<\/a>\n    <\/p>\n<\/p>\n<p><p>\n        <a href=\"\/sostenibilidad-epidor-y-el-medio-ambiente\/\">Epidor y el medio ambiente<\/a>\n    <\/p>\n<\/p>\n<div>\n<p><strong>EPI INDUSTRIES y la Sostenibilidad <br \/>Prop\u00f3sito corporativo<\/strong><\/p>\n<p><span>En Epidor, como parte del grupo de EPI Industries Family of Companies, mantenemos una s\u00f3lida l\u00ednea \u00e9tica orientada a la sostenibilidad. Nuestro compromiso con el planeta abarca todas nuestras \u00e1reas y es la base de nuestro plan de acci\u00f3n. Nos esforzamos por cuidar el medio ambiente y proteger el planeta con el prop\u00f3sito de \u201cAyudar a la industria a construir un futuro sostenible\u00bb.<\/span><\/p>\n<\/div>\n<div>\n<p>    <img decoding=\"async\" src=\"\/wp-content\/uploads\/2025\/05\/sostenibilidad-3.jpg\" alt=\"\"><\/p>\n<\/div>\n<h2>Agenda<\/h2>\n<p><img decoding=\"async\" src=\"\/wp-content\/uploads\/2025\/05\/2030.svg\" alt=\"\"><\/p>\n<div>\n<p><span>Estamos comprometidos con los Objetivos de Desarrollo Sostenible (ODS) enmarcados en la Agenda 2030, una iniciativa de la Organizaci\u00f3n de las Naciones Unidas (ONU) que impulsa acciones para generar un futuro m\u00e1s sostenible e igualitario para todos.\u00a0<\/span><\/p>\n<p><span>Como parte de EPI Industries Family of Companies, enfocamos nuestras acciones en los ODS 3, 4 y 5, promoviendo la formaci\u00f3n, el aprendizaje continuo y la igualdad de g\u00e9nero, tanto dentro como fuera de nuestras instalaciones.<\/span><\/p>\n<p><span><\/span><span>Nuestra gesti\u00f3n de los suministros y materias primas est\u00e1 alineada con los ODS 6, 7, 12, 13 y 17; promoviendo el uso eficiente del agua, la producci\u00f3n y consumo responsable, la adopci\u00f3n de energ\u00edas limpias, la acci\u00f3n clim\u00e1tica para la reducci\u00f3n de nuestro impacto ambiental y la creaci\u00f3n de alianzas estrat\u00e9gicas con nuestros partners, lo que nos permite multiplicar los esfuerzos para minimizar la huella de carbono en la cadena de suministro.<\/span><\/p>\n<p><strong>Todas estas acciones nos acercan m\u00e1s a nuestra meta: un futuro sostenible y equitativo.<\/strong><\/p>\n<\/div>\n<h2>ECOVADIS<\/h2>\n<div>\n<p><span>En EPI Industries Family of Companies, y por ende, en Epidor, hemos sido galardonados con la <strong>Medalla de bronce EcoVadis<\/strong>, un reconocimiento a las buenas pr\u00e1cticas y compromiso con la sostenibilidad.<\/span><\/p>\n<p><span>La Medalla de <\/span>bronce <span>EcoVadis demuestra nuestro compromiso diario con el medio ambiente y nuestro prop\u00f3sito como grupo empresarial: Ayudar a la industria a construir un futuro sostenible.<\/span><\/p>\n<\/div>\n<p><img decoding=\"async\" src=\"\/wp-content\/uploads\/2025\/07\/Epidor-Ecovadis-Medalla-de-Plata.webp\" alt=\"Epidor Ecovadis Medalla de Plata\"><\/p>\n<p>    <a href=\"https:\/\/youtu.be\/mEabgtamhhk\" target=\"_blank\">Video: https:\/\/youtu.be\/mEabgtamhhk<\/a><\/p>\n<div>DESCUBRE TODO NUESTRO POTENCIAL<\/div>\n<div>When sealing matters<\/div>\n<p><p>\n        <a href=\"\/contacto\/\">Contactar<\/a>\n    <\/p>\n<\/p>\n<ul>\n<li>\n<p>        <img decoding=\"async\" src=\"\/wp-content\/uploads\/2025\/05\/compras-sostenibles.jpg\" alt=\"\"><\/p>\n<h3>Pol\u00edtica de compras sostenibles<\/h3>\n<p><a href=\"\/wp-content\/uploads\/2025\/05\/2022-06-EPIfoc-Politica-Compras-sostenibles_w.pdf\"><\/a><\/p>\n<\/li>\n<li>\n<p>        <img decoding=\"async\" src=\"\/wp-content\/uploads\/photo-1710497626368-12404890be90-scaled.jpg\" alt=\"\"><\/p>\n<h3>Informe EINF<\/h3>\n<p><a href=\"https:\/\/epidor.com\/wp-content\/uploads\/2025\/05\/EINF-EPIfoc_Maig2025.pdf\"><\/a><\/p>\n<\/li>\n<\/ul>\n<p><!--more--><br \/>\n<!-- {\"type\":\"layout\",\"children\":[{\"type\":\"section\",\"props\":{\"animation\":\"fade\",\"animation_delay\":\"200\",\"header_transparent\":true,\"header_transparent_noplaceholder\":false,\"image_position\":\"center-center\",\"image_size\":\"height-1-1\",\"padding_remove_bottom\":false,\"padding_remove_top\":false,\"style\":\"primary\",\"title_breakpoint\":\"xl\",\"title_position\":\"top-left\",\"title_rotation\":\"left\",\"vertical_align\":\"middle\",\"width\":\"default\"},\"children\":[{\"type\":\"row\",\"props\":{\"layout\":\"1-2,1-2\"},\"children\":[{\"type\":\"column\",\"props\":{\"image_position\":\"center-center\",\"position_sticky_breakpoint\":\"m\",\"width_medium\":\"1-2\"},\"children\":[{\"type\":\"headline\",\"props\":{\"animation\":\"slide-bottom-medium\",\"content\":\"Sostenibilidad\",\"maxwidth\":\"large\",\"title_element\":\"h1\",\"title_style\":\"heading-small\"}},{\"type\":\"button\",\"props\":{\"animation\":\"slide-bottom-medium\",\"button_size\":\"small\",\"class\":\"uk-disabled\",\"css\":\"@media(max-width:640px){\\n    .el-content{\\n        font-size:12px;\\n        line-height:18px;\\n        padding-top:5px;\\n        padding-bottom:5px;\\n\\t\\twidth:100%;\\n    }\\n}\\n\",\"grid_column_gap\":\"small\",\"grid_row_gap\":\"small\",\"margin\":\"default\",\"margin_remove_bottom\":true},\"children\":[{\"type\":\"button_item\",\"props\":{\"button_style\":\"secondary\",\"content\":\"EPI Industries y la Sostenibilidad\",\"dialog_layout\":\"modal\",\"dialog_offcanvas_flip\":true,\"icon\":\"arrow-down\",\"icon_align\":\"right\",\"link\":\"#\"}}]},{\"type\":\"button\",\"props\":{\"animation\":\"slide-bottom-medium\",\"button_size\":\"small\",\"css\":\"@media(max-width:640px){\\n    .el-content{\\n        font-size:12px;\\n        line-height:18px;\\n        padding-top:5px;\\n        padding-bottom:5px;\\n\\t\\twidth:100%;\\n    }\\n}\\n\",\"grid_column_gap\":\"small\",\"grid_row_gap\":\"small\",\"margin\":\"small\"},\"children\":[{\"type\":\"button_item\",\"props\":{\"button_style\":\"default\",\"content\":\"Epidor y el medio ambiente\",\"dialog_layout\":\"modal\",\"dialog_offcanvas_flip\":true,\"icon\":\"arrow-right\",\"icon_align\":\"right\",\"link\":\"sostenibilidad-epidor-y-el-medio-ambiente\\\/\"}}]}]},{\"type\":\"column\",\"props\":{\"image_position\":\"center-center\",\"position_sticky_breakpoint\":\"m\",\"width_medium\":\"1-2\"},\"children\":[{\"type\":\"text\",\"props\":{\"animation\":\"slide-bottom-medium\",\"column_breakpoint\":\"m\",\"content\":\"\n\n<p><strong>EPI INDUSTRIES y la Sostenibilidad <br \\\/>Prop\\u00f3sito corporativo<\\\/strong><\\\/p>\\n\n\n<p><span>En Epidor, como parte del grupo de EPI Industries Family of Companies, mantenemos una s\\u00f3lida l\\u00ednea \\u00e9tica orientada a la sostenibilidad. Nuestro compromiso con el planeta abarca todas nuestras \\u00e1reas y es la base de nuestro plan de acci\\u00f3n. Nos esforzamos por cuidar el medio ambiente y proteger el planeta con el prop\\u00f3sito de \\u201cAyudar a la industria a construir un futuro sostenible\\\".<\\\/span><\\\/p>\",\"margin\":\"default\",\"text_style\":\"large\"}}]}]}],\"name\":\"Hero\"},{\"type\":\"section\",\"props\":{\"animation\":\"fade\",\"image_position\":\"center-center\",\"padding\":\"none\",\"style\":\"default\",\"title_breakpoint\":\"xl\",\"title_position\":\"top-left\",\"title_rotation\":\"left\",\"vertical_align\":\"middle\",\"width\":\"\"},\"children\":[{\"type\":\"row\",\"children\":[{\"type\":\"column\",\"props\":{\"image_position\":\"center-center\",\"position_sticky_breakpoint\":\"m\"},\"children\":[{\"type\":\"slideshow\",\"props\":{\"animation\":\"slide-bottom-medium\",\"link_style\":\"default\",\"link_text\":\"Read more\",\"margin\":\"default\",\"meta_align\":\"below-title\",\"meta_element\":\"div\",\"meta_style\":\"text-meta\",\"nav\":\"\",\"nav_align\":\"center\",\"nav_breakpoint\":\"s\",\"nav_position\":\"bottom-center\",\"nav_position_margin\":\"medium\",\"overlay_animation\":\"parallax\",\"overlay_position\":\"center-left\",\"parallax_easing\":\"-1.1\",\"parallax_scale\":\"1 0%,0.9 80%\",\"show_content\":true,\"show_link\":true,\"show_meta\":true,\"show_thumbnail\":true,\"show_title\":true,\"slidenav\":\"\",\"slidenav_breakpoint\":\"s\",\"slidenav_margin\":\"medium\",\"slidenav_outside_breakpoint\":\"xl\",\"slideshow_autoplay_pause\":true,\"slideshow_max_height\":\"900\",\"slideshow_min_height\":300,\"slideshow_ratio\":\"16:9\",\"thumbnav_height\":\"75\",\"thumbnav_svg_color\":\"emphasis\",\"thumbnav_width\":\"100\",\"title_element\":\"h3\",\"title_hover_style\":\"reset\"},\"children\":[{\"type\":\"slideshow_item\",\"props\":{\"image\":\"wp-content\\\/uploads\\\/2025\\\/05\\\/sostenibilidad-3.jpg\"}}]}]}]}],\"name\":\"Imatge\"},{\"type\":\"section\",\"props\":{\"animation\":\"fade\",\"animation_delay\":\"200\",\"header_transparent\":false,\"header_transparent_noplaceholder\":false,\"image_position\":\"center-center\",\"image_size\":\"height-1-1\",\"padding_remove_bottom\":false,\"padding_remove_top\":false,\"preserve_color\":false,\"style\":\"secondary\",\"title_breakpoint\":\"xl\",\"title_position\":\"top-left\",\"title_rotation\":\"left\",\"vertical_align\":\"middle\",\"width\":\"default\"},\"children\":[{\"type\":\"row\",\"props\":{\"layout\":\"1-2,1-2\"},\"children\":[{\"type\":\"column\",\"props\":{\"image_position\":\"center-center\",\"position_sticky_breakpoint\":\"m\",\"width_medium\":\"1-2\"},\"children\":[{\"type\":\"headline\",\"props\":{\"animation\":\"slide-bottom-medium\",\"content\":\"Agenda\",\"maxwidth\":\"large\",\"title_element\":\"h2\",\"title_style\":\"h1\"}},{\"type\":\"image\",\"props\":{\"animation\":\"slide-bottom-medium\",\"css\":\"@media(min-width:961px){\\n    .el-element{\\n    \\tpadding-top:200px;\\n    }\\n}\",\"image\":\"wp-content\\\/uploads\\\/2025\\\/05\\\/2030.svg\",\"image_svg_animate\":false,\"image_svg_color\":\"\",\"image_svg_inline\":true,\"margin\":\"default\",\"text_align\":\"center\"}}]},{\"type\":\"column\",\"props\":{\"image_position\":\"center-center\",\"position_sticky_breakpoint\":\"m\",\"width_medium\":\"1-2\"},\"children\":[{\"type\":\"text\",\"props\":{\"animation\":\"slide-bottom-medium\",\"column_breakpoint\":\"m\",\"content\":\"\n\n<p><span>Estamos comprometidos con los Objetivos de Desarrollo Sostenible (ODS) enmarcados en la Agenda 2030, una iniciativa de la Organizaci\\u00f3n de las Naciones Unidas (ONU) que impulsa acciones para generar un futuro m\\u00e1s sostenible e igualitario para todos.\\u00a0<\\\/span><\\\/p>\\n\n\n<p><span>Como parte de EPI Industries Family of Companies, enfocamos nuestras acciones en los ODS 3, 4 y 5, promoviendo la formaci\\u00f3n, el aprendizaje continuo y la igualdad de g\\u00e9nero, tanto dentro como fuera de nuestras instalaciones.<\\\/span><\\\/p>\\n\n\n<p><span><\\\/span><span>Nuestra gesti\\u00f3n de los suministros y materias primas est\\u00e1 alineada con los ODS 6, 7, 12, 13 y 17; promoviendo el uso eficiente del agua, la producci\\u00f3n y consumo responsable, la adopci\\u00f3n de energ\\u00edas limpias, la acci\\u00f3n clim\\u00e1tica para la reducci\\u00f3n de nuestro impacto ambiental y la creaci\\u00f3n de alianzas estrat\\u00e9gicas con nuestros partners, lo que nos permite multiplicar los esfuerzos para minimizar la huella de carbono en la cadena de suministro.<\\\/span><\\\/p>\\n\n\n<p><strong>Todas estas acciones nos acercan m\\u00e1s a nuestra meta: un futuro sostenible y equitativo.<\\\/strong><\\\/p>\",\"margin\":\"default\"}}]}]}],\"name\":\"2030\"},{\"type\":\"section\",\"props\":{\"animation\":\"fade\",\"animation_delay\":\"200\",\"header_transparent\":false,\"header_transparent_noplaceholder\":false,\"image_position\":\"center-center\",\"image_size\":\"height-1-1\",\"padding_remove_bottom\":false,\"padding_remove_top\":false,\"preserve_color\":false,\"style\":\"default\",\"title_breakpoint\":\"xl\",\"title_position\":\"top-left\",\"title_rotation\":\"left\",\"vertical_align\":\"middle\",\"width\":\"default\"},\"children\":[{\"type\":\"row\",\"props\":{\"layout\":\"1-2,1-2\"},\"children\":[{\"type\":\"column\",\"props\":{\"image_position\":\"center-center\",\"position_sticky_breakpoint\":\"m\",\"width_medium\":\"1-2\"},\"children\":[{\"type\":\"headline\",\"props\":{\"animation\":\"slide-bottom-medium\",\"content\":\"ECOVADIS\",\"maxwidth\":\"large\",\"title_element\":\"h2\",\"title_style\":\"h1\"}},{\"type\":\"text\",\"props\":{\"animation\":\"slide-bottom-medium\",\"column_breakpoint\":\"m\",\"content\":\"\n\n<p><span>En EPI Industries Family of Companies, y por ende, en Epidor, hemos sido galardonados con la <strong>Medalla de bronce EcoVadis<\\\/strong>, un reconocimiento a las buenas pr\\u00e1cticas y compromiso con la sostenibilidad.<\\\/span><\\\/p>\\n\n\n<p><span>La Medalla de <\\\/span>bronce <span>EcoVadis demuestra nuestro compromiso diario con el medio ambiente y nuestro prop\\u00f3sito como grupo empresarial: Ayudar a la industria a construir un futuro sostenible.<\\\/span><\\\/p>\",\"margin\":\"default\"}}]},{\"type\":\"column\",\"props\":{\"image_position\":\"center-center\",\"position_sticky_breakpoint\":\"m\",\"width_medium\":\"1-2\"},\"children\":[{\"type\":\"image\",\"props\":{\"animation\":\"slide-bottom-medium\",\"image\":\"wp-content\\\/uploads\\\/2025\\\/07\\\/Epidor-Ecovadis-Medalla-de-Plata.webp\",\"image_alt\":\"Epidor Ecovadis Medalla de Plata\",\"image_svg_animate\":false,\"image_svg_color\":\"\",\"image_svg_inline\":true,\"image_width\":350,\"link_target\":\"blank\",\"margin\":\"default\",\"text_align\":\"center\"}}]}]}],\"name\":\"Ecovadis\"},{\"type\":\"section\",\"props\":{\"animation\":\"fade\",\"animation_delay\":\"200\",\"css\":\".el-section{\\nbackground-color:#f3f3f0;\\n}\",\"image_position\":\"center-center\",\"style\":\"muted\",\"title_breakpoint\":\"xl\",\"title_position\":\"top-left\",\"title_rotation\":\"left\",\"vertical_align\":\"middle\",\"width\":\"default\"},\"children\":[{\"type\":\"row\",\"children\":[{\"type\":\"column\",\"props\":{\"image_position\":\"center-center\",\"position_sticky_breakpoint\":\"m\"},\"children\":[{\"type\":\"fs_video\",\"props\":{\"animation\":\"slide-bottom-medium\",\"link_style\":\"default\",\"link_text\":\"Read more\",\"margin\":\"default\",\"overlay_position\":\"top-left\",\"overlay_text_color\":\"light\",\"param_autoplay\":\"inview\",\"param_controls\":true,\"param_keyboard\":\"1\",\"param_loop\":true,\"param_microdata\":false,\"param_muted\":false,\"param_title\":false,\"play_icon\":\"play-circle\",\"play_icon_ratio\":\"4\",\"title_element\":\"div\",\"video\":\"https:\\\/\\\/youtu.be\\\/mEabgtamhhk\",\"video_box_border\":\"rounded\",\"video_ratio\":\"16\\\/9\",\"video_thumbnail_vimeo_quality\":\"thumbnail_large\",\"video_thumbnail_youtube_quality\":\"maxresdefault\",\"video_width\":1440}}]}]},{\"type\":\"row\",\"children\":[{\"type\":\"column\",\"props\":{\"image_position\":\"center-center\",\"position_sticky_breakpoint\":\"m\"},\"children\":[{\"type\":\"text\",\"props\":{\"animation\":\"slide-bottom-medium\",\"column_breakpoint\":\"m\",\"content\":\"DESCUBRE TODO NUESTRO POTENCIAL\",\"margin\":\"default\",\"text_align\":\"center\",\"text_style\":\"meta\"}},{\"type\":\"headline\",\"props\":{\"animation\":\"slide-bottom-medium\",\"block_align\":\"center\",\"content\":\"When sealing matters\",\"margin\":\"default\",\"maxwidth\":\"2xlarge\",\"text_align\":\"center\",\"title_element\":\"div\",\"title_style\":\"h1\"}},{\"type\":\"button\",\"props\":{\"animation\":\"slide-bottom-medium\",\"grid_column_gap\":\"small\",\"grid_row_gap\":\"small\",\"margin\":\"medium\",\"text_align\":\"center\"},\"children\":[{\"type\":\"button_item\",\"props\":{\"button_style\":\"default\",\"content\":\"Contactar\",\"dialog_layout\":\"modal\",\"dialog_offcanvas_flip\":true,\"icon_align\":\"left\",\"link\":\"contacto\\\/\"}}]}]}]}],\"name\":\"Video sealing matters\"},{\"type\":\"section\",\"props\":{\"image_position\":\"center-center\",\"padding\":\"small\",\"style\":\"default\",\"title_breakpoint\":\"xl\",\"title_position\":\"top-left\",\"title_rotation\":\"left\",\"vertical_align\":\"middle\",\"width\":\"default\"},\"children\":[{\"type\":\"row\",\"children\":[{\"type\":\"column\",\"props\":{\"image_position\":\"center-center\",\"position_sticky_breakpoint\":\"m\"},\"children\":[{\"type\":\"gallery\",\"props\":{\"css\":\".el-item .uk-tile-primary{\\n\\tbackground-color: rgba(0, 38, 62, 0.8);\\n    transition: all 0.3s ease-in-out;\\n}\\n.el-item:hover .uk-tile-primary{\\n\\tbackground-color: rgba(0, 38, 62, 1);\\n}\\n@media(max-width:450px){\\n    .el-title{\\n    \\tfont-size:18px;\\n    }\\n    .el-item .uk-overlay {\\n      padding: 20px 20px;\\n    }\\n}\",\"filter_align\":\"left\",\"filter_all\":true,\"filter_grid_breakpoint\":\"m\",\"filter_grid_width\":\"auto\",\"filter_position\":\"top\",\"filter_style\":\"tab\",\"grid_default\":\"1\",\"grid_medium\":\"2\",\"image_border\":\"rounded\",\"image_height\":450,\"image_transition\":\"scale-up\",\"image_transition_border\":false,\"image_width\":800,\"item_animation\":true,\"lightbox_bg_close\":true,\"link_style\":\"default\",\"link_target\":true,\"link_text\":\"\",\"margin\":\"default\",\"meta_align\":\"below-title\",\"meta_element\":\"div\",\"meta_style\":\"text-meta\",\"overlay_hover\":false,\"overlay_link\":true,\"overlay_mode\":\"caption\",\"overlay_position\":\"center\",\"overlay_style\":\"tile-primary\",\"overlay_transition\":\"fade\",\"show_content\":true,\"show_hover_image\":true,\"show_hover_video\":true,\"show_link\":true,\"show_meta\":true,\"show_title\":true,\"text_align\":\"center\",\"text_color\":\"light\",\"title_element\":\"h3\",\"title_hover_style\":\"reset\"},\"children\":[{\"type\":\"gallery_item\",\"props\":{\"image\":\"wp-content\\\/uploads\\\/2025\\\/05\\\/compras-sostenibles.jpg\",\"link\":\"wp-content\\\/uploads\\\/2025\\\/05\\\/2022-06-EPIfoc-Politica-Compras-sostenibles_w.pdf\",\"title\":\"Pol\\u00edtica de compras sostenibles\"}},{\"type\":\"gallery_item\",\"props\":{\"image\":\"wp-content\\\/uploads\\\/photo-1710497626368-12404890be90-scaled.jpg\",\"link\":\"https:\\\/\\\/epidor.com\\\/wp-content\\\/uploads\\\/2025\\\/05\\\/EINF-EPIfoc_Maig2025.pdf\",\"title\":\"Informe EINF\"}}]}]}]}],\"name\":\"Links amb imatge\"}],\"version\":\"4.5.15\",\"yooessentialsVersion\":\"2.3.12\"} --><\/p>\n","protected":false},"excerpt":{"rendered":"<p>Sostenibilidad EPI Industries y la Sostenibilidad Epidor y el medio ambiente EPI INDUSTRIES y la Sostenibilidad Prop\u00f3sito corporativo En Epidor, como parte del grupo de EPI Industries Family of Companies, mantenemos una s\u00f3lida l\u00ednea \u00e9tica orientada a la sostenibilidad. Nuestro compromiso con el planeta abarca todas nuestras \u00e1reas y es la base de nuestro plan [&hellip;]<\/p>\n","protected":false},"author":1,"featured_media":0,"parent":0,"menu_order":0,"comment_status":"closed","ping_status":"closed","template":"","meta":{"_acf_changed":false,"footnotes":""},"class_list":["post-11975","page","type-page","status-publish","hentry"],"acf":[],"yoast_head":"<!-- This site is optimized with the Yoast SEO plugin v27.3 - https:\/\/yoast.com\/product\/yoast-seo-wordpress\/ -->\n<title>EPI Industries y la Sostenibilidad - Epidor - Expertos en soluciones de estanqueidad<\/title>\n<meta name=\"robots\" content=\"index, follow, max-snippet:-1, max-image-preview:large, max-video-preview:-1\" \/>\n<link rel=\"canonical\" href=\"https:\/\/epidor.com\/en\/epi-industries-and-sustainability\/\" \/>\n<meta property=\"og:locale\" content=\"en_US\" \/>\n<meta property=\"og:type\" content=\"article\" \/>\n<meta property=\"og:title\" content=\"EPI Industries y la Sostenibilidad - Epidor - Expertos en soluciones de estanqueidad\" \/>\n<meta property=\"og:description\" content=\"Sostenibilidad EPI Industries y la Sostenibilidad Epidor y el medio ambiente EPI INDUSTRIES y la Sostenibilidad Prop\u00f3sito corporativo En Epidor, como parte del grupo de EPI Industries Family of Companies, mantenemos una s\u00f3lida l\u00ednea \u00e9tica orientada a la sostenibilidad. Nuestro compromiso con el planeta abarca todas nuestras \u00e1reas y es la base de nuestro plan [&hellip;]\" \/>\n<meta property=\"og:url\" content=\"https:\/\/epidor.com\/en\/epi-industries-and-sustainability\/\" \/>\n<meta property=\"og:site_name\" content=\"Epidor - Expertos en soluciones de estanqueidad\" \/>\n<meta property=\"article:modified_time\" content=\"2025-07-14T10:28:50+00:00\" \/>\n<meta property=\"og:image\" content=\"https:\/\/epidor.com\/wp-content\/uploads\/2025\/05\/imagen-unete-al-equipo.jpg\" \/>\n\t<meta property=\"og:image:width\" content=\"2000\" \/>\n\t<meta property=\"og:image:height\" content=\"1093\" \/>\n\t<meta property=\"og:image:type\" content=\"image\/jpeg\" \/>\n<meta name=\"twitter:card\" content=\"summary_large_image\" \/>\n<script type=\"application\/ld+json\" class=\"yoast-schema-graph\">{\"@context\":\"https:\\\/\\\/schema.org\",\"@graph\":[{\"@type\":\"WebPage\",\"@id\":\"https:\\\/\\\/epidor.com\\\/en\\\/epi-industries-y-la-sostenibilidad\\\/\",\"url\":\"https:\\\/\\\/epidor.com\\\/en\\\/epi-industries-y-la-sostenibilidad\\\/\",\"name\":\"EPI Industries y la Sostenibilidad - Epidor - Expertos en soluciones de estanqueidad\",\"isPartOf\":{\"@id\":\"https:\\\/\\\/epidor.com\\\/en\\\/#website\"},\"datePublished\":\"2025-05-12T13:58:16+00:00\",\"dateModified\":\"2025-07-14T10:28:50+00:00\",\"breadcrumb\":{\"@id\":\"https:\\\/\\\/epidor.com\\\/en\\\/epi-industries-y-la-sostenibilidad\\\/#breadcrumb\"},\"inLanguage\":\"en\",\"potentialAction\":[{\"@type\":\"ReadAction\",\"target\":[\"https:\\\/\\\/epidor.com\\\/en\\\/epi-industries-y-la-sostenibilidad\\\/\"]}]},{\"@type\":\"BreadcrumbList\",\"@id\":\"https:\\\/\\\/epidor.com\\\/en\\\/epi-industries-y-la-sostenibilidad\\\/#breadcrumb\",\"itemListElement\":[{\"@type\":\"ListItem\",\"position\":1,\"name\":\"Portada\",\"item\":\"https:\\\/\\\/epidor.com\\\/\"},{\"@type\":\"ListItem\",\"position\":2,\"name\":\"EPI Industries y la Sostenibilidad\"}]},{\"@type\":\"WebSite\",\"@id\":\"https:\\\/\\\/epidor.com\\\/en\\\/#website\",\"url\":\"https:\\\/\\\/epidor.com\\\/en\\\/\",\"name\":\"Epidor - Expertos en soluciones de estanqueidad\",\"description\":\"Expertos en soluciones de estanqueidad\",\"publisher\":{\"@id\":\"https:\\\/\\\/epidor.com\\\/en\\\/#organization\"},\"potentialAction\":[{\"@type\":\"SearchAction\",\"target\":{\"@type\":\"EntryPoint\",\"urlTemplate\":\"https:\\\/\\\/epidor.com\\\/en\\\/?s={search_term_string}\"},\"query-input\":{\"@type\":\"PropertyValueSpecification\",\"valueRequired\":true,\"valueName\":\"search_term_string\"}}],\"inLanguage\":\"en\"},{\"@type\":\"Organization\",\"@id\":\"https:\\\/\\\/epidor.com\\\/en\\\/#organization\",\"name\":\"Epidor - Expertos en soluciones de estanqueidad\",\"url\":\"https:\\\/\\\/epidor.com\\\/en\\\/\",\"logo\":{\"@type\":\"ImageObject\",\"inLanguage\":\"en\",\"@id\":\"https:\\\/\\\/epidor.com\\\/en\\\/#\\\/schema\\\/logo\\\/image\\\/\",\"url\":\"https:\\\/\\\/epidor.com\\\/wp-content\\\/uploads\\\/2025\\\/05\\\/favicon-epidor-180.png\",\"contentUrl\":\"https:\\\/\\\/epidor.com\\\/wp-content\\\/uploads\\\/2025\\\/05\\\/favicon-epidor-180.png\",\"width\":180,\"height\":180,\"caption\":\"Epidor - Expertos en soluciones de estanqueidad\"},\"image\":{\"@id\":\"https:\\\/\\\/epidor.com\\\/en\\\/#\\\/schema\\\/logo\\\/image\\\/\"}}]}<\/script>\n<!-- \/ Yoast SEO plugin. -->","yoast_head_json":{"title":"EPI Industries and Sustainability - Epidor - Expert in sealing solutions","robots":{"index":"index","follow":"follow","max-snippet":"max-snippet:-1","max-image-preview":"max-image-preview:large","max-video-preview":"max-video-preview:-1"},"canonical":"https:\/\/epidor.com\/en\/epi-industries-and-sustainability\/","og_locale":"en_US","og_type":"article","og_title":"EPI Industries y la Sostenibilidad - Epidor - Expertos en soluciones de estanqueidad","og_description":"Sostenibilidad EPI Industries y la Sostenibilidad Epidor y el medio ambiente EPI INDUSTRIES y la Sostenibilidad Prop\u00f3sito corporativo En Epidor, como parte del grupo de EPI Industries Family of Companies, mantenemos una s\u00f3lida l\u00ednea \u00e9tica orientada a la sostenibilidad. Nuestro compromiso con el planeta abarca todas nuestras \u00e1reas y es la base de nuestro plan [&hellip;]","og_url":"https:\/\/epidor.com\/en\/epi-industries-and-sustainability\/","og_site_name":"Epidor - Expertos en soluciones de estanqueidad","article_modified_time":"2025-07-14T10:28:50+00:00","og_image":[{"width":2000,"height":1093,"url":"https:\/\/epidor.com\/wp-content\/uploads\/2025\/05\/imagen-unete-al-equipo.jpg","type":"image\/jpeg"}],"twitter_card":"summary_large_image","schema":{"@context":"https:\/\/schema.org","@graph":[{"@type":"WebPage","@id":"https:\/\/epidor.com\/en\/epi-industries-y-la-sostenibilidad\/","url":"https:\/\/epidor.com\/en\/epi-industries-y-la-sostenibilidad\/","name":"EPI Industries and Sustainability - Epidor - Expert in sealing solutions","isPartOf":{"@id":"https:\/\/epidor.com\/en\/#website"},"datePublished":"2025-05-12T13:58:16+00:00","dateModified":"2025-07-14T10:28:50+00:00","breadcrumb":{"@id":"https:\/\/epidor.com\/en\/epi-industries-y-la-sostenibilidad\/#breadcrumb"},"inLanguage":"en","potentialAction":[{"@type":"ReadAction","target":["https:\/\/epidor.com\/en\/epi-industries-y-la-sostenibilidad\/"]}]},{"@type":"BreadcrumbList","@id":"https:\/\/epidor.com\/en\/epi-industries-y-la-sostenibilidad\/#breadcrumb","itemListElement":[{"@type":"ListItem","position":1,"name":"Portada","item":"https:\/\/epidor.com\/"},{"@type":"ListItem","position":2,"name":"EPI Industries y la Sostenibilidad"}]},{"@type":"WebSite","@id":"https:\/\/epidor.com\/en\/#website","url":"https:\/\/epidor.com\/en\/","name":"Epidor - Experts in Sealing Solutions","description":"Experts in sealing solutions","publisher":{"@id":"https:\/\/epidor.com\/en\/#organization"},"potentialAction":[{"@type":"SearchAction","target":{"@type":"EntryPoint","urlTemplate":"https:\/\/epidor.com\/en\/?s={search_term_string}"},"query-input":{"@type":"PropertyValueSpecification","valueRequired":true,"valueName":"search_term_string"}}],"inLanguage":"en"},{"@type":"Organization","@id":"https:\/\/epidor.com\/en\/#organization","name":"Epidor - Experts in Sealing Solutions","url":"https:\/\/epidor.com\/en\/","logo":{"@type":"ImageObject","inLanguage":"en","@id":"https:\/\/epidor.com\/en\/#\/schema\/logo\/image\/","url":"https:\/\/epidor.com\/wp-content\/uploads\/2025\/05\/favicon-epidor-180.png","contentUrl":"https:\/\/epidor.com\/wp-content\/uploads\/2025\/05\/favicon-epidor-180.png","width":180,"height":180,"caption":"Epidor - Expertos en soluciones de estanqueidad"},"image":{"@id":"https:\/\/epidor.com\/en\/#\/schema\/logo\/image\/"}}]}},"_links":{"self":[{"href":"https:\/\/epidor.com\/en\/wp-json\/wp\/v2\/pages\/11975","targetHints":{"allow":["GET"]}}],"collection":[{"href":"https:\/\/epidor.com\/en\/wp-json\/wp\/v2\/pages"}],"about":[{"href":"https:\/\/epidor.com\/en\/wp-json\/wp\/v2\/types\/page"}],"author":[{"embeddable":true,"href":"https:\/\/epidor.com\/en\/wp-json\/wp\/v2\/users\/1"}],"replies":[{"embeddable":true,"href":"https:\/\/epidor.com\/en\/wp-json\/wp\/v2\/comments?post=11975"}],"version-history":[{"count":21,"href":"https:\/\/epidor.com\/en\/wp-json\/wp\/v2\/pages\/11975\/revisions"}],"predecessor-version":[{"id":12485,"href":"https:\/\/epidor.com\/en\/wp-json\/wp\/v2\/pages\/11975\/revisions\/12485"}],"wp:attachment":[{"href":"https:\/\/epidor.com\/en\/wp-json\/wp\/v2\/media?parent=11975"}],"curies":[{"name":"wp","href":"https:\/\/api.w.org\/{rel}","templated":true}]}}