{"id":2637,"date":"2025-04-11T11:57:47","date_gmt":"2025-04-11T09:57:47","guid":{"rendered":"https:\/\/epidor.com\/?page_id=2637"},"modified":"2025-10-20T10:47:32","modified_gmt":"2025-10-20T08:47:32","slug":"catalogs","status":"publish","type":"page","link":"https:\/\/epidor.com\/en\/catalogos\/","title":{"rendered":"Catalogs and brochures"},"content":{"rendered":"<h1>Cat\u00e1logos y folletos<\/p>\n<\/h1>\n<div>\n<p>En Epidor Seals and Rubber Technology entendemos que la informaci\u00f3n debe estar siempre al alcance de nuestros clientes.<\/p>\n<p>Desde siempre nuestros cat\u00e1logos de producto han sido una referencia en el mercado de la estanqueidad y aislamiento de vibraciones, tanto por la amplitud de la gama como por la profundidad del contenido t\u00e9cnico.\u00a0En este apartado pueden descargar o consultar los siguientes cat\u00e1logos y folletos.<\/p>\n<\/div>\n<ul>\n<li>\n<p>        <img decoding=\"async\" src=\"\/wp-content\/uploads\/2025\/04\/Epidor-SRT-Presentacion-Empresa.jpg\" alt=\"\"><\/p>\n<div>Presentaci\u00f3n empresa<\/div>\n<p><a href=\"\/wp-content\/uploads\/2025\/04\/Epidor-SRT-Presentacion-Empresa.pdf\"><\/a><\/p>\n<\/li>\n<li>\n<p>        <img decoding=\"async\" src=\"\/wp-content\/uploads\/2025\/04\/2020-07-EPIDOR-SRT-Catalogo-Juntas-Mecanizadas-Web.jpg\" alt=\"\"><\/p>\n<div>Estanqueidad a medida<\/div>\n<p><a href=\"https:\/\/epidor.com\/wp-content\/uploads\/catalogos\/juntas-mecanizadas\/\"><\/a><\/p>\n<\/li>\n<li>\n<p>        <img decoding=\"async\" src=\"\/wp-content\/uploads\/2025\/04\/21-10-ESRT-Catalogo-Produccion-Juntas-Planas-Materiales-Version-Web.jpg\" alt=\"\"><\/p>\n<div>Juntas planas y de bridas<\/div>\n<p><a href=\"\/wp-content\/uploads\/catalogos\/juntas-planas\"><\/a><\/p>\n<\/li>\n<li>\n<p>        <img decoding=\"async\" src=\"\/wp-content\/uploads\/2025\/04\/2023-EPIDOR-SRT-Catalogo-Juntas-Toricas.jpg\" alt=\"\"><\/p>\n<div>Juntas t\u00f3ricas<\/div>\n<p><a href=\"\/wp-content\/uploads\/catalogos\/juntas-toricas\/\"><\/a><\/p>\n<\/li>\n<li>\n<p>        <img decoding=\"async\" src=\"\/wp-content\/uploads\/2025\/04\/2022-EPIDOR-SRT-Catalogo-Hidraulica-y-Neumatica-Web.jpg\" alt=\"\"><\/p>\n<div>Juntas para hidr\u00e1ulica y neum\u00e1tica<\/div>\n<p><a href=\"\/wp-content\/uploads\/catalogos\/juntas-hidraulica-y-neumatica\/\"><\/a><\/p>\n<\/li>\n<li>\n<p>        <img decoding=\"async\" src=\"\/wp-content\/uploads\/2025\/04\/SRT_ES_202206_Catalogo_Retenes_WEB_PDF_Version_Consulta.jpg\" alt=\"\"><\/p>\n<div>Retenes<\/div>\n<p><a href=\"\/wp-content\/uploads\/catalogos\/retenes\/\"><\/a><\/p>\n<\/li>\n<li>\n<p>        <img decoding=\"async\" src=\"\/wp-content\/uploads\/2025\/04\/2022-05-ESRT-Catalogo-JRacores-Conexiones-Ind-VW.jpg\" alt=\"\"><\/p>\n<div>Juntas para racores y conexiones industriales<\/div>\n<p><a href=\"\/wp-content\/uploads\/catalogos\/juntas-racores-asepticas\"><\/a><\/p>\n<\/li>\n<li>\n<p>        <img decoding=\"async\" src=\"\/wp-content\/uploads\/2025\/04\/2024-ESR-MkD-Fulleto-Gloster-FLON.jpg\" alt=\"\"><\/p>\n<div>Gloster \u2013 Flon\u00ae Cinta adhesiva 100 % PTFE expandido<\/div>\n<p><a href=\"\/wp-content\/uploads\/2025\/04\/2024-ESR-MkD-Fulleto-Gloster-FLON.pdf\"><\/a><\/p>\n<\/li>\n<li>\n<p>        <img decoding=\"async\" src=\"\/wp-content\/uploads\/2025\/04\/2023-10-EPIDOR-SRT-Catalogo-Espirometalicas-Web.jpg\" alt=\"\"><\/p>\n<div>Juntas Espiromet\u00e1licas<\/div>\n<p><a href=\"https:\/\/epidor.com\/wp-content\/uploads\/catalogos\/espirometalicas\/\"><\/a><\/p>\n<\/li>\n<li>\n<p>        <img decoding=\"async\" src=\"\/wp-content\/uploads\/2025\/04\/Epidor-SRT-Catalogo-aislamiento-vibraciones.jpg\" alt=\"\"><\/p>\n<div>Aislamiento de vibraciones<\/div>\n<p><a href=\"\/wp-content\/uploads\/catalogos\/aislamiento-vibraciones\/\"><\/a><\/p>\n<\/li>\n<\/ul>\n<div>\u00bfPodemos ayudarte?<\/div>\n<p><p>\n        <a href=\"\/contactanos\/\">Contactar<\/a>\n    <\/p>\n<\/p>\n<p><!--more--><br \/>\n<!-- {\"type\":\"layout\",\"children\":[{\"type\":\"section\",\"props\":{\"animation\":\"fade\",\"animation_delay\":\"200\",\"header_transparent\":true,\"header_transparent_noplaceholder\":false,\"image_position\":\"center-center\",\"image_size\":\"height-1-1\",\"padding_remove_bottom\":false,\"padding_remove_top\":false,\"style\":\"muted\",\"title_breakpoint\":\"xl\",\"title_position\":\"top-left\",\"title_rotation\":\"left\",\"vertical_align\":\"middle\",\"width\":\"default\"},\"children\":[{\"type\":\"row\",\"props\":{\"layout\":\"1-2,1-2\"},\"children\":[{\"type\":\"column\",\"props\":{\"image_position\":\"center-center\",\"position_sticky_breakpoint\":\"m\",\"width_medium\":\"1-2\"},\"children\":[{\"type\":\"headline\",\"props\":{\"animation\":\"slide-bottom-medium\",\"content\":\"Cat\\u00e1logos y folletos\\n\\n\",\"maxwidth\":\"large\",\"title_element\":\"h1\",\"title_style\":\"heading-small\"}}]},{\"type\":\"column\",\"props\":{\"image_position\":\"center-center\",\"position_sticky_breakpoint\":\"m\",\"width_medium\":\"1-2\"},\"children\":[{\"type\":\"text\",\"props\":{\"animation\":\"slide-bottom-medium\",\"column_breakpoint\":\"m\",\"content\":\"\n\n<p>En Epidor Seals and Rubber Technology entendemos que la informaci\\u00f3n debe estar siempre al alcance de nuestros clientes.<\\\/p>\\n\n\n<p>Desde siempre nuestros cat\\u00e1logos de producto han sido una referencia en el mercado de la estanqueidad y aislamiento de vibraciones, tanto por la amplitud de la gama como por la profundidad del contenido t\\u00e9cnico.\\u00a0En este apartado pueden descargar o consultar los siguientes cat\\u00e1logos y folletos.<\\\/p>\",\"margin\":\"default\"}}]}]}],\"name\":\"Hero\"},{\"type\":\"section\",\"props\":{\"animation\":\"fade\",\"animation_delay\":\"200\",\"image_position\":\"center-center\",\"style\":\"default\",\"title_breakpoint\":\"xl\",\"title_position\":\"top-left\",\"title_rotation\":\"left\",\"vertical_align\":\"middle\",\"width\":\"default\"},\"children\":[{\"type\":\"row\",\"children\":[{\"type\":\"column\",\"props\":{\"image_position\":\"center-center\",\"position_sticky_breakpoint\":\"m\"},\"children\":[{\"type\":\"grid\",\"props\":{\"animation\":\"slide-bottom-medium\",\"content_column_breakpoint\":\"m\",\"css\":\".el-image{\\n\\tpadding: 20px;\\n\\tbackground: rgba(232, 231, 225, 0.5);\\n\\tborder-radius: 15px;\\n    transform: scale(1);\\n    transition: transform 0.3s ease-in-out;\\n}\\n\\n.el-item:hover .el-image{\\n\\ttransform: scale(1.03);\\n}\",\"filter_align\":\"left\",\"filter_all\":true,\"filter_grid_breakpoint\":\"m\",\"filter_grid_width\":\"auto\",\"filter_position\":\"top\",\"filter_style\":\"tab\",\"grid_default\":\"1\",\"grid_large\":\"4\",\"grid_medium\":\"3\",\"grid_row_gap\":\"large\",\"grid_small\":\"2\",\"icon_width\":80,\"image_align\":\"top\",\"image_grid_breakpoint\":\"m\",\"image_grid_width\":\"1-2\",\"image_link\":false,\"image_svg_color\":\"emphasis\",\"image_transition_border\":false,\"item_animation\":true,\"lightbox_bg_close\":true,\"link_style\":\"default\",\"link_target\":true,\"link_text\":\"\",\"margin\":\"default\",\"meta_align\":\"below-title\",\"meta_element\":\"div\",\"meta_style\":\"text-meta\",\"panel_link\":true,\"show_content\":true,\"show_hover_image\":true,\"show_hover_video\":true,\"show_image\":true,\"show_link\":true,\"show_meta\":true,\"show_title\":true,\"show_video\":true,\"text_align\":\"center\",\"title_align\":\"top\",\"title_element\":\"div\",\"title_grid_breakpoint\":\"m\",\"title_grid_width\":\"1-2\",\"title_hover_style\":\"reset\"},\"children\":[{\"type\":\"grid_item\",\"props\":{\"image\":\"wp-content\\\/uploads\\\/2025\\\/04\\\/Epidor-SRT-Presentacion-Empresa.jpg\",\"link\":\"wp-content\\\/uploads\\\/2025\\\/04\\\/Epidor-SRT-Presentacion-Empresa.pdf\",\"title\":\"Presentaci\\u00f3n empresa\"}},{\"type\":\"grid_item\",\"props\":{\"image\":\"wp-content\\\/uploads\\\/2025\\\/04\\\/2020-07-EPIDOR-SRT-Catalogo-Juntas-Mecanizadas-Web.jpg\",\"link\":\"https:\\\/\\\/epidor.com\\\/wp-content\\\/uploads\\\/catalogos\\\/juntas-mecanizadas\\\/\",\"title\":\"Estanqueidad a medida\"}},{\"type\":\"grid_item\",\"props\":{\"image\":\"wp-content\\\/uploads\\\/2025\\\/04\\\/21-10-ESRT-Catalogo-Produccion-Juntas-Planas-Materiales-Version-Web.jpg\",\"link\":\"wp-content\\\/uploads\\\/catalogos\\\/juntas-planas\",\"title\":\"Juntas planas y de bridas\"}},{\"type\":\"grid_item\",\"props\":{\"image\":\"wp-content\\\/uploads\\\/2025\\\/04\\\/2023-EPIDOR-SRT-Catalogo-Juntas-Toricas.jpg\",\"link\":\"wp-content\\\/uploads\\\/catalogos\\\/juntas-toricas\\\/\",\"title\":\"Juntas t\\u00f3ricas\"}},{\"type\":\"grid_item\",\"props\":{\"image\":\"wp-content\\\/uploads\\\/2025\\\/04\\\/2022-EPIDOR-SRT-Catalogo-Hidraulica-y-Neumatica-Web.jpg\",\"link\":\"wp-content\\\/uploads\\\/catalogos\\\/juntas-hidraulica-y-neumatica\\\/\",\"title\":\"Juntas para hidr\\u00e1ulica y neum\\u00e1tica\"}},{\"type\":\"grid_item\",\"props\":{\"image\":\"wp-content\\\/uploads\\\/2025\\\/04\\\/SRT_ES_202206_Catalogo_Retenes_WEB_PDF_Version_Consulta.jpg\",\"link\":\"wp-content\\\/uploads\\\/catalogos\\\/retenes\\\/\",\"title\":\"Retenes\"}},{\"type\":\"grid_item\",\"props\":{\"image\":\"wp-content\\\/uploads\\\/2025\\\/04\\\/2022-05-ESRT-Catalogo-JRacores-Conexiones-Ind-VW.jpg\",\"link\":\"wp-content\\\/uploads\\\/catalogos\\\/juntas-racores-asepticas\",\"title\":\"Juntas para racores y conexiones industriales\"}},{\"type\":\"grid_item\",\"props\":{\"image\":\"wp-content\\\/uploads\\\/2025\\\/04\\\/2024-ESR-MkD-Fulleto-Gloster-FLON.jpg\",\"link\":\"wp-content\\\/uploads\\\/2025\\\/04\\\/2024-ESR-MkD-Fulleto-Gloster-FLON.pdf\",\"title\":\"Gloster \\u2013 Flon\\u00ae Cinta adhesiva 100 % PTFE expandido\"}},{\"type\":\"grid_item\",\"props\":{\"image\":\"wp-content\\\/uploads\\\/2025\\\/04\\\/2023-10-EPIDOR-SRT-Catalogo-Espirometalicas-Web.jpg\",\"link\":\"https:\\\/\\\/epidor.com\\\/wp-content\\\/uploads\\\/catalogos\\\/espirometalicas\\\/\",\"title\":\"Juntas Espiromet\\u00e1licas\"}},{\"type\":\"grid_item\",\"props\":{\"image\":\"wp-content\\\/uploads\\\/2025\\\/04\\\/Epidor-SRT-Catalogo-aislamiento-vibraciones.jpg\",\"link\":\"wp-content\\\/uploads\\\/catalogos\\\/aislamiento-vibraciones\\\/\",\"title\":\"Aislamiento de vibraciones\"}}]}]}]}],\"name\":\"Catalogos\"},{\"type\":\"section\",\"props\":{\"animation\":\"fade\",\"animation_delay\":\"200\",\"image_position\":\"center-center\",\"padding\":\"small\",\"style\":\"default\",\"title_breakpoint\":\"xl\",\"title_position\":\"top-left\",\"title_rotation\":\"left\",\"vertical_align\":\"middle\",\"width\":\"default\"},\"children\":[{\"type\":\"row\",\"children\":[{\"type\":\"column\",\"props\":{\"image_position\":\"center-center\",\"position_sticky_breakpoint\":\"m\"},\"children\":[{\"type\":\"text\",\"props\":{\"animation\":\"slide-bottom-medium\",\"column_breakpoint\":\"m\",\"content\":\"\\u00bfPodemos ayudarte?\",\"margin\":\"small\",\"text_align\":\"center\",\"text_style\":\"large\"}},{\"type\":\"button\",\"props\":{\"animation\":\"slide-bottom-medium\",\"grid_column_gap\":\"small\",\"grid_row_gap\":\"small\",\"margin\":\"default\",\"text_align\":\"center\"},\"children\":[{\"type\":\"button_item\",\"props\":{\"button_style\":\"default\",\"content\":\"Contactar\",\"dialog_layout\":\"modal\",\"dialog_offcanvas_flip\":true,\"icon_align\":\"left\",\"link\":\"contactanos\\\/\"}}]}]}]}],\"name\":\"Podemos ayudarte?\"}],\"version\":\"4.5.15\",\"yooessentialsVersion\":\"2.3.12\"} --><\/p>\n","protected":false},"excerpt":{"rendered":"<p>Cat\u00e1logos y folletos En Epidor Seals and Rubber Technology entendemos que la informaci\u00f3n debe estar siempre al alcance de nuestros clientes. Desde siempre nuestros cat\u00e1logos de producto han sido una referencia en el mercado de la estanqueidad y aislamiento de vibraciones, tanto por la amplitud de la gama como por la profundidad del contenido t\u00e9cnico.\u00a0En [&hellip;]<\/p>\n","protected":false},"author":1,"featured_media":0,"parent":0,"menu_order":0,"comment_status":"closed","ping_status":"closed","template":"","meta":{"_acf_changed":false,"footnotes":""},"class_list":["post-2637","page","type-page","status-publish","hentry"],"acf":[],"yoast_head":"<!-- This site is optimized with the Yoast SEO plugin v27.2 - https:\/\/yoast.com\/product\/yoast-seo-wordpress\/ -->\n<title>Cat\u00e1logos y folletos - Epidor - Expertos en soluciones de estanqueidad<\/title>\n<meta name=\"robots\" content=\"index, follow, max-snippet:-1, max-image-preview:large, max-video-preview:-1\" \/>\n<link rel=\"canonical\" href=\"https:\/\/epidor.com\/en\/catalogs\/\" \/>\n<meta property=\"og:locale\" content=\"en_US\" \/>\n<meta property=\"og:type\" content=\"article\" \/>\n<meta property=\"og:title\" content=\"Cat\u00e1logos y folletos - Epidor - Expertos en soluciones de estanqueidad\" \/>\n<meta property=\"og:description\" content=\"Cat\u00e1logos y folletos En Epidor Seals and Rubber Technology entendemos que la informaci\u00f3n debe estar siempre al alcance de nuestros clientes. Desde siempre nuestros cat\u00e1logos de producto han sido una referencia en el mercado de la estanqueidad y aislamiento de vibraciones, tanto por la amplitud de la gama como por la profundidad del contenido t\u00e9cnico.\u00a0En [&hellip;]\" \/>\n<meta property=\"og:url\" content=\"https:\/\/epidor.com\/en\/catalogs\/\" \/>\n<meta property=\"og:site_name\" content=\"Epidor - Expertos en soluciones de estanqueidad\" \/>\n<meta property=\"article:modified_time\" content=\"2025-10-20T08:47:32+00:00\" \/>\n<meta property=\"og:image\" content=\"https:\/\/epidor.com\/wp-content\/uploads\/2025\/05\/imagen-unete-al-equipo.jpg\" \/>\n\t<meta property=\"og:image:width\" content=\"2000\" \/>\n\t<meta property=\"og:image:height\" content=\"1093\" \/>\n\t<meta property=\"og:image:type\" content=\"image\/jpeg\" \/>\n<meta name=\"twitter:card\" content=\"summary_large_image\" \/>\n<meta name=\"twitter:label1\" content=\"Est. reading time\" \/>\n\t<meta name=\"twitter:data1\" content=\"1 minute\" \/>\n<script type=\"application\/ld+json\" class=\"yoast-schema-graph\">{\"@context\":\"https:\/\/schema.org\",\"@graph\":[{\"@type\":\"WebPage\",\"@id\":\"https:\/\/epidor.com\/en\/catalogos\/\",\"url\":\"https:\/\/epidor.com\/en\/catalogos\/\",\"name\":\"Cat\u00e1logos y folletos - Epidor - Expertos en soluciones de estanqueidad\",\"isPartOf\":{\"@id\":\"https:\/\/epidor.com\/en\/#website\"},\"datePublished\":\"2025-04-11T09:57:47+00:00\",\"dateModified\":\"2025-10-20T08:47:32+00:00\",\"breadcrumb\":{\"@id\":\"https:\/\/epidor.com\/en\/catalogos\/#breadcrumb\"},\"inLanguage\":\"en\",\"potentialAction\":[{\"@type\":\"ReadAction\",\"target\":[\"https:\/\/epidor.com\/en\/catalogos\/\"]}]},{\"@type\":\"BreadcrumbList\",\"@id\":\"https:\/\/epidor.com\/en\/catalogos\/#breadcrumb\",\"itemListElement\":[{\"@type\":\"ListItem\",\"position\":1,\"name\":\"Portada\",\"item\":\"https:\/\/epidor.com\/\"},{\"@type\":\"ListItem\",\"position\":2,\"name\":\"Cat\u00e1logos y folletos\"}]},{\"@type\":\"WebSite\",\"@id\":\"https:\/\/epidor.com\/en\/#website\",\"url\":\"https:\/\/epidor.com\/en\/\",\"name\":\"Epidor - Expertos en soluciones de estanqueidad\",\"description\":\"Expertos en soluciones de estanqueidad\",\"publisher\":{\"@id\":\"https:\/\/epidor.com\/en\/#organization\"},\"potentialAction\":[{\"@type\":\"SearchAction\",\"target\":{\"@type\":\"EntryPoint\",\"urlTemplate\":\"https:\/\/epidor.com\/en\/?s={search_term_string}\"},\"query-input\":{\"@type\":\"PropertyValueSpecification\",\"valueRequired\":true,\"valueName\":\"search_term_string\"}}],\"inLanguage\":\"en\"},{\"@type\":\"Organization\",\"@id\":\"https:\/\/epidor.com\/en\/#organization\",\"name\":\"Epidor - Expertos en soluciones de estanqueidad\",\"url\":\"https:\/\/epidor.com\/en\/\",\"logo\":{\"@type\":\"ImageObject\",\"inLanguage\":\"en\",\"@id\":\"https:\/\/epidor.com\/en\/#\/schema\/logo\/image\/\",\"url\":\"https:\/\/epidor.com\/wp-content\/uploads\/2025\/05\/favicon-epidor-180.png\",\"contentUrl\":\"https:\/\/epidor.com\/wp-content\/uploads\/2025\/05\/favicon-epidor-180.png\",\"width\":180,\"height\":180,\"caption\":\"Epidor - Expertos en soluciones de estanqueidad\"},\"image\":{\"@id\":\"https:\/\/epidor.com\/en\/#\/schema\/logo\/image\/\"}}]}<\/script>\n<!-- \/ Yoast SEO plugin. -->","yoast_head_json":{"title":"Catalogs and brochures - Epidor - The Leak Tightness Experts","robots":{"index":"index","follow":"follow","max-snippet":"max-snippet:-1","max-image-preview":"max-image-preview:large","max-video-preview":"max-video-preview:-1"},"canonical":"https:\/\/epidor.com\/en\/catalogs\/","og_locale":"en_US","og_type":"article","og_title":"Cat\u00e1logos y folletos - Epidor - Expertos en soluciones de estanqueidad","og_description":"Cat\u00e1logos y folletos En Epidor Seals and Rubber Technology entendemos que la informaci\u00f3n debe estar siempre al alcance de nuestros clientes. Desde siempre nuestros cat\u00e1logos de producto han sido una referencia en el mercado de la estanqueidad y aislamiento de vibraciones, tanto por la amplitud de la gama como por la profundidad del contenido t\u00e9cnico.\u00a0En [&hellip;]","og_url":"https:\/\/epidor.com\/en\/catalogs\/","og_site_name":"Epidor - Expertos en soluciones de estanqueidad","article_modified_time":"2025-10-20T08:47:32+00:00","og_image":[{"width":2000,"height":1093,"url":"https:\/\/epidor.com\/wp-content\/uploads\/2025\/05\/imagen-unete-al-equipo.jpg","type":"image\/jpeg"}],"twitter_card":"summary_large_image","twitter_misc":{"Est. reading time":"1 minute"},"schema":{"@context":"https:\/\/schema.org","@graph":[{"@type":"WebPage","@id":"https:\/\/epidor.com\/en\/catalogos\/","url":"https:\/\/epidor.com\/en\/catalogos\/","name":"Catalogs and brochures - Epidor - The Leak Tightness Experts","isPartOf":{"@id":"https:\/\/epidor.com\/en\/#website"},"datePublished":"2025-04-11T09:57:47+00:00","dateModified":"2025-10-20T08:47:32+00:00","breadcrumb":{"@id":"https:\/\/epidor.com\/en\/catalogos\/#breadcrumb"},"inLanguage":"en","potentialAction":[{"@type":"ReadAction","target":["https:\/\/epidor.com\/en\/catalogos\/"]}]},{"@type":"BreadcrumbList","@id":"https:\/\/epidor.com\/en\/catalogos\/#breadcrumb","itemListElement":[{"@type":"ListItem","position":1,"name":"Portada","item":"https:\/\/epidor.com\/"},{"@type":"ListItem","position":2,"name":"Cat\u00e1logos y folletos"}]},{"@type":"WebSite","@id":"https:\/\/epidor.com\/en\/#website","url":"https:\/\/epidor.com\/en\/","name":"Epidor - Experts in Sealing Solutions","description":"Experts in sealing solutions","publisher":{"@id":"https:\/\/epidor.com\/en\/#organization"},"potentialAction":[{"@type":"SearchAction","target":{"@type":"EntryPoint","urlTemplate":"https:\/\/epidor.com\/en\/?s={search_term_string}"},"query-input":{"@type":"PropertyValueSpecification","valueRequired":true,"valueName":"search_term_string"}}],"inLanguage":"en"},{"@type":"Organization","@id":"https:\/\/epidor.com\/en\/#organization","name":"Epidor - Experts in Sealing Solutions","url":"https:\/\/epidor.com\/en\/","logo":{"@type":"ImageObject","inLanguage":"en","@id":"https:\/\/epidor.com\/en\/#\/schema\/logo\/image\/","url":"https:\/\/epidor.com\/wp-content\/uploads\/2025\/05\/favicon-epidor-180.png","contentUrl":"https:\/\/epidor.com\/wp-content\/uploads\/2025\/05\/favicon-epidor-180.png","width":180,"height":180,"caption":"Epidor - Expertos en soluciones de estanqueidad"},"image":{"@id":"https:\/\/epidor.com\/en\/#\/schema\/logo\/image\/"}}]}},"_links":{"self":[{"href":"https:\/\/epidor.com\/en\/wp-json\/wp\/v2\/pages\/2637","targetHints":{"allow":["GET"]}}],"collection":[{"href":"https:\/\/epidor.com\/en\/wp-json\/wp\/v2\/pages"}],"about":[{"href":"https:\/\/epidor.com\/en\/wp-json\/wp\/v2\/types\/page"}],"author":[{"embeddable":true,"href":"https:\/\/epidor.com\/en\/wp-json\/wp\/v2\/users\/1"}],"replies":[{"embeddable":true,"href":"https:\/\/epidor.com\/en\/wp-json\/wp\/v2\/comments?post=2637"}],"version-history":[{"count":35,"href":"https:\/\/epidor.com\/en\/wp-json\/wp\/v2\/pages\/2637\/revisions"}],"predecessor-version":[{"id":12553,"href":"https:\/\/epidor.com\/en\/wp-json\/wp\/v2\/pages\/2637\/revisions\/12553"}],"wp:attachment":[{"href":"https:\/\/epidor.com\/en\/wp-json\/wp\/v2\/media?parent=2637"}],"curies":[{"name":"wp","href":"https:\/\/api.w.org\/{rel}","templated":true}]}}