{"id":10494,"date":"2025-05-07T10:56:33","date_gmt":"2025-05-07T08:56:33","guid":{"rendered":"https:\/\/epidor.com\/?page_id=10494"},"modified":"2025-05-07T11:14:58","modified_gmt":"2025-05-07T09:14:58","slug":"avis-juridique","status":"publish","type":"page","link":"https:\/\/epidor.com\/fr\/aviso-legal\/","title":{"rendered":"Avis juridique"},"content":{"rendered":"<p>Conform\u00e9ment \u00e0 l'obligation d'information pr\u00e9vue \u00e0 l'article 10 de la loi 34\/2002, du 11 juillet, sur les services de la soci\u00e9t\u00e9 de l'information et le commerce \u00e9lectronique (LSSICE), le propri\u00e9taire du site web https:\/\/epidor-srt.com\/ vous informe de ce qui suit :<\/p>\n\n\n\n<ul class=\"wp-block-list\">\n<li>Nom de l'entreprise : EPIDOR SEALS &amp; RUBBER TECHNOLOGY, S.L.U.<\/li>\n\n\n\n<li>NUM\u00c9RO DE TVA : B66764135<\/li>\n\n\n\n<li>Adresse : Pol. Ind. Els Batzacs, C\/Xops, N\u00ba 5, 08185 - Lli\u00e7\u00e0 de Vall (Barcelona)<\/li>\n<\/ul>\n\n\n\n<p>Dans les limites fix\u00e9es par la loi, https:\/\/epidor-srt.com\/ n'assume aucune responsabilit\u00e9 quant au manque de v\u00e9racit\u00e9, d'exhaustivit\u00e9, de mise \u00e0 jour et d'exactitude des donn\u00e9es ou des informations contenues dans ses pages Internet.<\/p>\n\n\n\n<p>Le contenu et les informations ne lient pas https:\/\/epidor-srt.com\/ et ne constituent pas non plus des opinions, des conseils ou des avis juridiques de quelque nature que ce soit, car il s'agit simplement d'un service offert \u00e0 des fins d'information et d'information.<\/p>\n\n\n\n<p>Les pages Internet de https:\/\/epidor-srt.com\/ peuvent contenir des liens vers d'autres pages de tiers que https:\/\/epidor-srt.com\/ ne peut contr\u00f4ler. Par cons\u00e9quent, https:\/\/epidor-srt.com\/ ne peut assumer la responsabilit\u00e9 du contenu qui peut appara\u00eetre sur les sites de tiers.<\/p>\n\n\n\n<p>Les textes, images, sons, animations, logiciels et autres contenus pr\u00e9sents sur ce site sont la propri\u00e9t\u00e9 exclusive de https:\/\/epidor-srt.com\/ ou de ses conc\u00e9dants. Tout acte de transmission, de distribution, de transfert, de reproduction, de stockage ou de communication publique totale ou partielle doit faire l'objet d'une autorisation expresse de https:\/\/epidor-srt.com\/.<\/p>\n\n\n\n<p>Nous vous informons \u00e9galement que vous pouvez \u00e0 tout moment exercer vos droits d'acc\u00e8s, de rectification, d'annulation, d'opposition, de limitation et de portabilit\u00e9 de vos donn\u00e9es personnelles, sans frais, en envoyant un courrier \u00e9lectronique \u00e0 : gdpr@epidor-srt.com ou \u00e0 l'adresse : P.i. Batzacs - C\/ Xops, 5, 08185 - Lli\u00e7\u00e0 De Vall (Barcelone).<\/p>","protected":false},"excerpt":{"rendered":"<p>En cumplimiento con el deber de informaci\u00f3n recogido en art\u00edculo 10 de la Ley 34\/2002, de 11 de julio, de Servicios de la Sociedad de la Informaci\u00f3n y del Comercio Electr\u00f3nico (LSSICE), el propietario de la web https:\/\/epidor-srt.com\/, le informa de lo siguiente: Con los l\u00edmites establecidos en la ley, https:\/\/epidor-srt.com\/ no asume ninguna responsabilidad [&hellip;]<\/p>\n","protected":false},"author":4,"featured_media":0,"parent":0,"menu_order":0,"comment_status":"closed","ping_status":"closed","template":"","meta":{"_acf_changed":false,"footnotes":""},"class_list":["post-10494","page","type-page","status-publish","hentry"],"acf":[],"yoast_head":"<!-- This site is optimized with the Yoast SEO plugin v27.2 - https:\/\/yoast.com\/product\/yoast-seo-wordpress\/ -->\n<title>Aviso Legal - Epidor - Expertos en soluciones de estanqueidad<\/title>\n<meta name=\"robots\" content=\"index, follow, max-snippet:-1, max-image-preview:large, max-video-preview:-1\" \/>\n<link rel=\"canonical\" href=\"https:\/\/epidor.com\/fr\/avis-juridique\/\" \/>\n<meta property=\"og:locale\" content=\"fr_FR\" \/>\n<meta property=\"og:type\" content=\"article\" \/>\n<meta property=\"og:title\" content=\"Aviso Legal - Epidor - Expertos en soluciones de estanqueidad\" \/>\n<meta property=\"og:description\" content=\"En cumplimiento con el deber de informaci\u00f3n recogido en art\u00edculo 10 de la Ley 34\/2002, de 11 de julio, de Servicios de la Sociedad de la Informaci\u00f3n y del Comercio Electr\u00f3nico (LSSICE), el propietario de la web https:\/\/epidor-srt.com\/, le informa de lo siguiente: Con los l\u00edmites establecidos en la ley, https:\/\/epidor-srt.com\/ no asume ninguna responsabilidad [&hellip;]\" \/>\n<meta property=\"og:url\" content=\"https:\/\/epidor.com\/fr\/avis-juridique\/\" \/>\n<meta property=\"og:site_name\" content=\"Epidor - Expertos en soluciones de estanqueidad\" \/>\n<meta property=\"article:modified_time\" content=\"2025-05-07T09:14:58+00:00\" \/>\n<meta property=\"og:image\" content=\"https:\/\/epidor.com\/wp-content\/uploads\/2025\/05\/imagen-unete-al-equipo.jpg\" \/>\n\t<meta property=\"og:image:width\" content=\"2000\" \/>\n\t<meta property=\"og:image:height\" content=\"1093\" \/>\n\t<meta property=\"og:image:type\" content=\"image\/jpeg\" \/>\n<meta name=\"twitter:card\" content=\"summary_large_image\" \/>\n<meta name=\"twitter:label1\" content=\"Dur\u00e9e de lecture estim\u00e9e\" \/>\n\t<meta name=\"twitter:data1\" content=\"2 minutes\" \/>\n<script type=\"application\/ld+json\" class=\"yoast-schema-graph\">{\"@context\":\"https:\/\/schema.org\",\"@graph\":[{\"@type\":\"WebPage\",\"@id\":\"https:\/\/epidor.com\/fr\/aviso-legal\/\",\"url\":\"https:\/\/epidor.com\/fr\/aviso-legal\/\",\"name\":\"Aviso Legal - Epidor - Expertos en soluciones de estanqueidad\",\"isPartOf\":{\"@id\":\"https:\/\/epidor.com\/fr\/#website\"},\"datePublished\":\"2025-05-07T08:56:33+00:00\",\"dateModified\":\"2025-05-07T09:14:58+00:00\",\"breadcrumb\":{\"@id\":\"https:\/\/epidor.com\/fr\/aviso-legal\/#breadcrumb\"},\"inLanguage\":\"fr-FR\",\"potentialAction\":[{\"@type\":\"ReadAction\",\"target\":[\"https:\/\/epidor.com\/fr\/aviso-legal\/\"]}]},{\"@type\":\"BreadcrumbList\",\"@id\":\"https:\/\/epidor.com\/fr\/aviso-legal\/#breadcrumb\",\"itemListElement\":[{\"@type\":\"ListItem\",\"position\":1,\"name\":\"Portada\",\"item\":\"https:\/\/epidor.com\/\"},{\"@type\":\"ListItem\",\"position\":2,\"name\":\"Aviso Legal\"}]},{\"@type\":\"WebSite\",\"@id\":\"https:\/\/epidor.com\/fr\/#website\",\"url\":\"https:\/\/epidor.com\/fr\/\",\"name\":\"Epidor - Expertos en soluciones de estanqueidad\",\"description\":\"Expertos en soluciones de estanqueidad\",\"publisher\":{\"@id\":\"https:\/\/epidor.com\/fr\/#organization\"},\"potentialAction\":[{\"@type\":\"SearchAction\",\"target\":{\"@type\":\"EntryPoint\",\"urlTemplate\":\"https:\/\/epidor.com\/fr\/?s={search_term_string}\"},\"query-input\":{\"@type\":\"PropertyValueSpecification\",\"valueRequired\":true,\"valueName\":\"search_term_string\"}}],\"inLanguage\":\"fr-FR\"},{\"@type\":\"Organization\",\"@id\":\"https:\/\/epidor.com\/fr\/#organization\",\"name\":\"Epidor - Expertos en soluciones de estanqueidad\",\"url\":\"https:\/\/epidor.com\/fr\/\",\"logo\":{\"@type\":\"ImageObject\",\"inLanguage\":\"fr-FR\",\"@id\":\"https:\/\/epidor.com\/fr\/#\/schema\/logo\/image\/\",\"url\":\"https:\/\/epidor.com\/wp-content\/uploads\/2025\/05\/favicon-epidor-180.png\",\"contentUrl\":\"https:\/\/epidor.com\/wp-content\/uploads\/2025\/05\/favicon-epidor-180.png\",\"width\":180,\"height\":180,\"caption\":\"Epidor - Expertos en soluciones de estanqueidad\"},\"image\":{\"@id\":\"https:\/\/epidor.com\/fr\/#\/schema\/logo\/image\/\"}}]}<\/script>\n<!-- \/ Yoast SEO plugin. -->","yoast_head_json":{"title":"Mentions l\u00e9gales - Epidor - Experts en solutions d'\u00e9tanch\u00e9it\u00e9","robots":{"index":"index","follow":"follow","max-snippet":"max-snippet:-1","max-image-preview":"max-image-preview:large","max-video-preview":"max-video-preview:-1"},"canonical":"https:\/\/epidor.com\/fr\/avis-juridique\/","og_locale":"fr_FR","og_type":"article","og_title":"Aviso Legal - Epidor - Expertos en soluciones de estanqueidad","og_description":"En cumplimiento con el deber de informaci\u00f3n recogido en art\u00edculo 10 de la Ley 34\/2002, de 11 de julio, de Servicios de la Sociedad de la Informaci\u00f3n y del Comercio Electr\u00f3nico (LSSICE), el propietario de la web https:\/\/epidor-srt.com\/, le informa de lo siguiente: Con los l\u00edmites establecidos en la ley, https:\/\/epidor-srt.com\/ no asume ninguna responsabilidad [&hellip;]","og_url":"https:\/\/epidor.com\/fr\/avis-juridique\/","og_site_name":"Epidor - Expertos en soluciones de estanqueidad","article_modified_time":"2025-05-07T09:14:58+00:00","og_image":[{"width":2000,"height":1093,"url":"https:\/\/epidor.com\/wp-content\/uploads\/2025\/05\/imagen-unete-al-equipo.jpg","type":"image\/jpeg"}],"twitter_card":"summary_large_image","twitter_misc":{"Dur\u00e9e de lecture estim\u00e9e":"2 minutes"},"schema":{"@context":"https:\/\/schema.org","@graph":[{"@type":"WebPage","@id":"https:\/\/epidor.com\/fr\/aviso-legal\/","url":"https:\/\/epidor.com\/fr\/aviso-legal\/","name":"Mentions l\u00e9gales - Epidor - Experts en solutions d'\u00e9tanch\u00e9it\u00e9","isPartOf":{"@id":"https:\/\/epidor.com\/fr\/#website"},"datePublished":"2025-05-07T08:56:33+00:00","dateModified":"2025-05-07T09:14:58+00:00","breadcrumb":{"@id":"https:\/\/epidor.com\/fr\/aviso-legal\/#breadcrumb"},"inLanguage":"fr-FR","potentialAction":[{"@type":"ReadAction","target":["https:\/\/epidor.com\/fr\/aviso-legal\/"]}]},{"@type":"BreadcrumbList","@id":"https:\/\/epidor.com\/fr\/aviso-legal\/#breadcrumb","itemListElement":[{"@type":"ListItem","position":1,"name":"Portada","item":"https:\/\/epidor.com\/"},{"@type":"ListItem","position":2,"name":"Aviso Legal"}]},{"@type":"WebSite","@id":"https:\/\/epidor.com\/fr\/#website","url":"https:\/\/epidor.com\/fr\/","name":"Epidor - Experts en solutions d'\u00e9tanch\u00e9it\u00e9","description":"Experts en solutions d'\u00e9tanch\u00e9it\u00e9","publisher":{"@id":"https:\/\/epidor.com\/fr\/#organization"},"potentialAction":[{"@type":"SearchAction","target":{"@type":"EntryPoint","urlTemplate":"https:\/\/epidor.com\/fr\/?s={search_term_string}"},"query-input":{"@type":"PropertyValueSpecification","valueRequired":true,"valueName":"search_term_string"}}],"inLanguage":"fr-FR"},{"@type":"Organization","@id":"https:\/\/epidor.com\/fr\/#organization","name":"Epidor - Experts en solutions d'\u00e9tanch\u00e9it\u00e9","url":"https:\/\/epidor.com\/fr\/","logo":{"@type":"ImageObject","inLanguage":"fr-FR","@id":"https:\/\/epidor.com\/fr\/#\/schema\/logo\/image\/","url":"https:\/\/epidor.com\/wp-content\/uploads\/2025\/05\/favicon-epidor-180.png","contentUrl":"https:\/\/epidor.com\/wp-content\/uploads\/2025\/05\/favicon-epidor-180.png","width":180,"height":180,"caption":"Epidor - Expertos en soluciones de estanqueidad"},"image":{"@id":"https:\/\/epidor.com\/fr\/#\/schema\/logo\/image\/"}}]}},"_links":{"self":[{"href":"https:\/\/epidor.com\/fr\/wp-json\/wp\/v2\/pages\/10494","targetHints":{"allow":["GET"]}}],"collection":[{"href":"https:\/\/epidor.com\/fr\/wp-json\/wp\/v2\/pages"}],"about":[{"href":"https:\/\/epidor.com\/fr\/wp-json\/wp\/v2\/types\/page"}],"author":[{"embeddable":true,"href":"https:\/\/epidor.com\/fr\/wp-json\/wp\/v2\/users\/4"}],"replies":[{"embeddable":true,"href":"https:\/\/epidor.com\/fr\/wp-json\/wp\/v2\/comments?post=10494"}],"version-history":[{"count":8,"href":"https:\/\/epidor.com\/fr\/wp-json\/wp\/v2\/pages\/10494\/revisions"}],"predecessor-version":[{"id":10507,"href":"https:\/\/epidor.com\/fr\/wp-json\/wp\/v2\/pages\/10494\/revisions\/10507"}],"wp:attachment":[{"href":"https:\/\/epidor.com\/fr\/wp-json\/wp\/v2\/media?parent=10494"}],"curies":[{"name":"wp","href":"https:\/\/api.w.org\/{rel}","templated":true}]}}