{"id":10501,"date":"2025-05-07T11:10:00","date_gmt":"2025-05-07T09:10:00","guid":{"rendered":"https:\/\/epidor.com\/?page_id=10501"},"modified":"2025-09-24T09:09:15","modified_gmt":"2025-09-24T07:09:15","slug":"politique-de-confidentialite","status":"publish","type":"page","link":"https:\/\/epidor.com\/fr\/politica-de-privacidad\/","title":{"rendered":"Politique de confidentialit\u00e9"},"content":{"rendered":"<p><strong>Protection des donn\u00e9es personnelles dans le cadre du GDPR<\/strong><\/p>\n\n\n\n<p>EPIDOR SEALS &amp; RUBBER TECHNOLOGY, S.L.U., en application de la r\u00e9glementation en vigueur en mati\u00e8re de&nbsp;<a href=\"https:\/\/protecciondatos-lopd.com\/auditoria\/proteccion-datos\/\">protection des donn\u00e9es<\/a>&nbsp;de nature personnelle, informe que les donn\u00e9es personnelles collect\u00e9es \u00e0 travers les formulaires du site web : epidor-srt.com, sont incluses dans les fichiers automatis\u00e9s sp\u00e9cifiques des utilisateurs des services d'EPIDOR SEALS &amp; RUBBER TECHNOLOGY, S.L.U..<\/p>\n\n\n\n<p>La finalit\u00e9 de la collecte et du traitement automatis\u00e9 des donn\u00e9es personnelles est le maintien de la relation commerciale et l'ex\u00e9cution des activit\u00e9s d'information, de formation, de conseil et autres d'EPIDOR SEALS &amp; RUBBER TECHNOLOGY, S.L.U.<\/p>\n\n\n\n<p>Ces donn\u00e9es ne seront transf\u00e9r\u00e9es qu'aux entit\u00e9s n\u00e9cessaires \u00e0 la r\u00e9alisation de l'objectif susmentionn\u00e9.<\/p>\n\n\n\n<p>EPIDOR SEALS &amp; RUBBER TECHNOLOGY, S.L.U. adopte les mesures n\u00e9cessaires pour garantir la s\u00e9curit\u00e9, l'int\u00e9grit\u00e9 et la confidentialit\u00e9 des donn\u00e9es conform\u00e9ment aux dispositions du r\u00e8glement (UE) 2016\/679 du Parlement europ\u00e9en et du Conseil du 27 avril 2016 relatif \u00e0 la protection des personnes physiques \u00e0 l'\u00e9gard du traitement des donn\u00e9es \u00e0 caract\u00e8re personnel et \u00e0 la libre circulation de ces donn\u00e9es, et abrogeant l'ancienne LOPD, la nouvelle loi organique 3\/2018 du 5 d\u00e9cembre sur la protection des donn\u00e9es et la garantie des droits num\u00e9riques (LOPDGDDD).<\/p>\n\n\n\n<p>L'utilisateur peut \u00e0 tout moment exercer les droits d'acc\u00e8s, d'opposition, de rectification, d'annulation, de limitation et de portabilit\u00e9 reconnus dans le r\u00e8glement (UE) susmentionn\u00e9. Ces droits peuvent \u00eatre exerc\u00e9s par l'utilisateur en envoyant un courrier \u00e9lectronique \u00e0 : <a href=\"mailto:gdpr@epidor.com\">gdpr@epidor.com<\/a> ou \u00e0 l'adresse : P.i. Batzacs - C\/ Xops, 5, C.P. 08185 - Lli\u00e7\u00e0 De Vall (Barcelona).<\/p>\n\n\n\n<p>L'utilisateur d\u00e9clare que toutes les donn\u00e9es qu'il a fournies sont vraies et correctes, et s'engage \u00e0 les maintenir \u00e0 jour, en informant EPIDOR SEALS &amp; RUBBER TECHNOLOGY, S.L.U. de tout changement.<\/p>\n\n\n\n<p><strong>Objectif du traitement des donn\u00e9es personnelles :<\/strong><\/p>\n\n\n\n<p><strong>\u00c0 quelles fins traitons-nous vos donn\u00e9es \u00e0 caract\u00e8re personnel ?<\/strong><\/p>\n\n\n\n<p>EPIDOR SEALS &amp; RUBBER TECHNOLOGY, S.L.U., traitera vos donn\u00e9es personnelles collect\u00e9es sur le site Web : epidor-srt.com, aux fins suivantes :<\/p>\n\n\n\n<ul class=\"wp-block-list\">\n<li>fournir ses services en fonction des besoins particuliers des clients, afin d'ex\u00e9cuter les contrats qu'elle a conclus.<\/li>\n\n\n\n<li>Envoi d'informations commerciales et de bulletins d'information sur les nouveaux services propos\u00e9s sur le site web et dans le secteur.<\/li>\n\n\n\n<li>Envoyer des informations promotionnelles par voie \u00e9lectronique.<\/li>\n\n\n\n<li>Fournir les informations demand\u00e9es par l'utilisateur via le formulaire de contact.<\/li>\n<\/ul>\n\n\n\n<p>Nous vous rappelons que vous pouvez vous opposer \u00e0 l'envoi de communications commerciales par tout moyen et \u00e0 tout moment en envoyant un courrier \u00e9lectronique \u00e0 l'adresse ci-dessus.<\/p>\n\n\n\n<p>Les champs de ces registres doivent \u00eatre remplis et il est impossible de r\u00e9aliser les objectifs exprim\u00e9s si ces donn\u00e9es ne sont pas fournies.<\/p>\n\n\n\n<p><strong>Combien de temps les donn\u00e9es personnelles collect\u00e9es seront-elles conserv\u00e9es ?<\/strong><\/p>\n\n\n\n<p>Les donn\u00e9es personnelles fournies seront conserv\u00e9es aussi longtemps que la relation commerciale sera maintenue ou que vous ne demanderez pas leur suppression, ainsi que pendant la p\u00e9riode au cours de laquelle des responsabilit\u00e9s l\u00e9gales peuvent d\u00e9couler des services fournis.<\/p>\n\n\n\n<p>L\u00e9gitimation :<\/p>\n\n\n\n<p>Le traitement de vos donn\u00e9es est effectu\u00e9 sur la base des fondements juridiques suivants qui le l\u00e9gitiment :<\/p>\n\n\n\n<ul class=\"wp-block-list\">\n<li>La demande d'information et\/ou l'engagement des services d'EPIDOR SEALS &amp; RUBBER TECHNOLOGY, S.L.U., dont les termes et conditions seront mis \u00e0 votre disposition dans tous les cas, avant tout engagement \u00e9ventuel.<\/li>\n\n\n\n<li>Consentement libre, sp\u00e9cifique, \u00e9clair\u00e9 et sans \u00e9quivoque, dans la mesure o\u00f9 nous vous informons en mettant \u00e0 votre disposition la pr\u00e9sente politique de protection de la vie priv\u00e9e, que vous pouvez accepter, apr\u00e8s l'avoir lue, au moyen d'une d\u00e9claration ou d'une action affirmative claire, par exemple en cochant une case pr\u00e9vue \u00e0 cet effet.<\/li>\n<\/ul>\n\n\n\n<p>Si vous ne nous fournissez pas vos donn\u00e9es ou si vous les fournissez de mani\u00e8re incorrecte ou incompl\u00e8te, nous ne pourrons pas donner suite \u00e0 votre demande, ce qui rendra totalement impossible la fourniture des informations demand\u00e9es ou l'ex\u00e9cution du contrat de services.<\/p>\n\n\n\n<p>Groupe cible :<\/p>\n\n\n\n<p>Les donn\u00e9es ne seront pas communiqu\u00e9es \u00e0 des tiers ext\u00e9rieurs \u00e0 EPIDOR SEALS &amp; RUBBER TECHNOLOGY, S.L.U., sauf en cas d'obligation l\u00e9gale.<\/p>\n\n\n\n<p>Donn\u00e9es collect\u00e9es par les utilisateurs des services<\/p>\n\n\n\n<p>Dans les cas o\u00f9 l'utilisateur inclut des fichiers contenant des donn\u00e9es personnelles sur les serveurs d'h\u00e9bergement partag\u00e9, EPIDOR SEALS &amp; RUBBER TECHNOLOGY, S.L.U. ne sera pas tenu responsable du non-respect du RGPD par l'utilisateur.<\/p>\n\n\n\n<p>Droits de propri\u00e9t\u00e9 intellectuelle epidor-srt.com<\/p>\n\n\n\n<p>EPIDOR SEALS &amp; RUBBER TECHNOLOGY, S.L.U. est titulaire de tous les droits d'auteur, de propri\u00e9t\u00e9 intellectuelle et industrielle, de savoir-faire et de tout autre droit li\u00e9 aux contenus du site web epidor-srt.com et aux services qui y sont propos\u00e9s, ainsi qu'aux programmes n\u00e9cessaires \u00e0 sa mise en \u0153uvre et \u00e0 l'information qui s'y rapporte.<\/p>\n\n\n\n<p>La reproduction, la publication et\/ou l'utilisation autre que strictement priv\u00e9e du contenu, en tout ou en partie, du site epidor-srt.com n'est pas autoris\u00e9e sans accord \u00e9crit pr\u00e9alable.<\/p>\n\n\n\n<p>Logiciels Propri\u00e9t\u00e9 intellectuelle<\/p>\n\n\n\n<p>L'utilisateur doit respecter les programmes de tiers mis \u00e0 disposition par EPIDOR SEALS &amp; RUBBER TECHNOLOGY, S.L.U., m\u00eame s'ils sont gratuits et\/ou accessibles au public.<\/p>\n\n\n\n<p>EPIDOR SEALS &amp; RUBBER TECHNOLOGY, S.L.U. d\u00e9tient les droits d'exploitation et de propri\u00e9t\u00e9 intellectuelle du logiciel.<\/p>\n\n\n\n<p>L'utilisateur n'acquiert aucun droit ou licence sur le service contract\u00e9, sur le logiciel n\u00e9cessaire \u00e0 la fourniture du service, ni sur les informations techniques permettant de contr\u00f4ler le service, \u00e0 l'exception des droits et licences n\u00e9cessaires \u00e0 l'ex\u00e9cution des services contract\u00e9s et uniquement pour la dur\u00e9e des services contract\u00e9s.<\/p>\n\n\n\n<p>Pour toute action d\u00e9passant l'ex\u00e9cution du contrat, l'utilisateur devra obtenir l'autorisation \u00e9crite d'EPIDOR SEALS &amp; RUBBER TECHNOLOGY, S.L.U., et il lui est interdit d'acc\u00e9der, de modifier, de visualiser la configuration, la structure et les fichiers des serveurs appartenant \u00e0 EPIDOR SEALS &amp; RUBBER TECHNOLOGY, S.L.U., en assumant la responsabilit\u00e9 civile et p\u00e9nale d\u00e9riv\u00e9e de tout incident pouvant survenir dans les serveurs et les syst\u00e8mes de s\u00e9curit\u00e9 en cons\u00e9quence directe d'une action n\u00e9gligente ou malveillante de sa part.<\/p>\n\n\n\n<p>Propri\u00e9t\u00e9 intellectuelle du contenu h\u00e9berg\u00e9<\/p>\n\n\n\n<p>L'utilisation des services fournis par EPIDOR SEALS &amp; RUBBER TECHNOLOGY, S.L.U. et, en particulier, de :<\/p>\n\n\n\n<ul class=\"wp-block-list\">\n<li>Utilisation contraire \u00e0 la loi espagnole ou portant atteinte aux droits de tiers.<\/li>\n\n\n\n<li>La publication ou la transmission de tout contenu qui, de l'avis d'EPIDOR SEALS &amp; RUBBER TECHNOLOGY, S.L.U., est violent, obsc\u00e8ne, abusif, ill\u00e9gal, racial, x\u00e9nophobe ou diffamatoire.<\/li>\n\n\n\n<li>Les cracks, les num\u00e9ros de s\u00e9rie de logiciels ou tout autre contenu qui enfreint les droits de propri\u00e9t\u00e9 intellectuelle de tiers.<\/li>\n\n\n\n<li>La collecte et\/ou l'utilisation de donn\u00e9es personnelles d'autres utilisateurs sans leur consentement expr\u00e8s ou en contravention avec les dispositions du R\u00e8glement (UE) 2016\/679 du Parlement europ\u00e9en et du Conseil du 27 avril 2016 relatif \u00e0 la protection des personnes physiques \u00e0 l'\u00e9gard du traitement des donn\u00e9es \u00e0 caract\u00e8re personnel et \u00e0 la libre circulation de ces donn\u00e9es.<\/li>\n\n\n\n<li>L'utilisation du serveur de messagerie et des adresses \u00e9lectroniques du domaine pour l'envoi de courriers \u00e9lectroniques en masse non sollicit\u00e9s.<\/li>\n<\/ul>\n\n\n\n<p>L'utilisateur est enti\u00e8rement responsable du contenu de son site web, des informations transmises et stock\u00e9es, des liens hypertextes, des r\u00e9clamations de tiers et des actions en justice relatives \u00e0 la propri\u00e9t\u00e9 intellectuelle, aux droits des tiers et \u00e0 la protection des mineurs.<\/p>\n\n\n\n<p>L'utilisateur est responsable du respect des lois et r\u00e8glements en vigueur et des r\u00e8gles concernant le fonctionnement du service en ligne, le commerce \u00e9lectronique, les droits d'auteur, le maintien de l'ordre public, ainsi que les principes universels d'utilisation de l'Internet.<\/p>\n\n\n\n<p>L'utilisateur devra indemniser EPIDOR SEALS &amp; RUBBER TECHNOLOGY, S.L.U. pour les frais g\u00e9n\u00e9r\u00e9s par l'imputation \u00e0 EPIDOR SEALS &amp; RUBBER TECHNOLOGY, S.L.U. de toute cause dont la responsabilit\u00e9 est imputable \u00e0 l'utilisateur, y compris les honoraires et frais de d\u00e9fense juridique, m\u00eame dans le cas d'une d\u00e9cision judiciaire non d\u00e9finitive.<\/p>\n\n\n\n<p>Protection des informations h\u00e9berg\u00e9es<\/p>\n\n\n\n<p>EPIDOR SEALS &amp; RUBBER TECHNOLOGY, S.L.U. r\u00e9alise des copies de sauvegarde des contenus h\u00e9berg\u00e9s sur ses serveurs, mais n'est pas responsable de la perte ou de l'effacement accidentel des donn\u00e9es par les utilisateurs. De m\u00eame, elle ne garantit pas le remplacement total des donn\u00e9es supprim\u00e9es par les utilisateurs, \u00e9tant donn\u00e9 que ces donn\u00e9es peuvent avoir \u00e9t\u00e9 supprim\u00e9es et\/ou modifi\u00e9es pendant la p\u00e9riode de temps qui s'est \u00e9coul\u00e9e depuis la derni\u00e8re copie de sauvegarde.<\/p>\n\n\n\n<p>Les services offerts, \u00e0 l'exception des services sp\u00e9cifiques de sauvegarde, n'incluent pas le remplacement des contenus conserv\u00e9s dans les copies de sauvegarde r\u00e9alis\u00e9es par EPIDOR SEALS &amp; RUBBER TECHNOLOGY, S.L.U., lorsque cette perte est imputable \u00e0 l'utilisateur ; dans ce cas, des frais seront d\u00e9termin\u00e9s en fonction de la complexit\u00e9 et du volume de la r\u00e9cup\u00e9ration, toujours avec l'acceptation pr\u00e9alable de l'utilisateur.<\/p>\n\n\n\n<p>Le remplacement des donn\u00e9es supprim\u00e9es n'est inclus dans le prix du service que si la perte du contenu est due \u00e0 des causes imputables \u00e0 EPIDOR SEALS &amp; RUBBER TECHNOLOGY, S.L.U..<\/p>\n\n\n\n<p>Communications commerciales<\/p>\n\n\n\n<p>En application de la LSSI. EPIDOR SEALS &amp; RUBBER TECHNOLOGY, S.L.U. n'enverra pas de communications publicitaires ou promotionnelles par courrier \u00e9lectronique ou tout autre moyen de communication \u00e9lectronique \u00e9quivalent qui n'ait pas \u00e9t\u00e9 pr\u00e9alablement demand\u00e9 ou express\u00e9ment autoris\u00e9 par les destinataires de ces communications.<\/p>\n\n\n\n<p>Dans le cas d'utilisateurs avec lesquels il existe une relation contractuelle ant\u00e9rieure, EPIDOR SEALS &amp; RUBBER TECHNOLOGY, S.L.U. est autoris\u00e9 \u00e0 envoyer des communications commerciales concernant des produits ou des services d'EPIDOR SEALS &amp; RUBBER TECHNOLOGY, S.L.U. similaires \u00e0 ceux qui ont \u00e9t\u00e9 initialement contract\u00e9s avec le client.<\/p>\n\n\n\n<p>Dans tous les cas, l'utilisateur, apr\u00e8s avoir prouv\u00e9 son identit\u00e9, peut demander qu'aucune autre information commerciale ne lui soit envoy\u00e9e par l'interm\u00e9diaire des canaux du service client\u00e8le.<\/p>\n\n\n\n<p>REV : 20.3009<\/p>","protected":false},"excerpt":{"rendered":"<p>Protecci\u00f3n de datos de car\u00e1cter personal seg\u00fan el RGPD EPIDOR SEALS &amp; RUBBER TECHNOLOGY, S.L.U., en aplicaci\u00f3n de la normativa vigente en materia de&nbsp;protecci\u00f3n de datos&nbsp;de car\u00e1cter personal, informa que los datos personales que se recogen a trav\u00e9s de los formularios del Sitio web: epidor-srt.com, se incluyen en los ficheros automatizados espec\u00edficos de usuarios de [&hellip;]<\/p>\n","protected":false},"author":4,"featured_media":0,"parent":0,"menu_order":0,"comment_status":"closed","ping_status":"closed","template":"","meta":{"_acf_changed":false,"footnotes":""},"class_list":["post-10501","page","type-page","status-publish","hentry"],"acf":[],"yoast_head":"<!-- This site is optimized with the Yoast SEO plugin v27.4 - https:\/\/yoast.com\/product\/yoast-seo-wordpress\/ -->\n<title>Pol\u00edtica de privacidad - Epidor - Expertos en soluciones de estanqueidad<\/title>\n<meta name=\"robots\" content=\"index, follow, max-snippet:-1, max-image-preview:large, max-video-preview:-1\" \/>\n<link rel=\"canonical\" href=\"https:\/\/epidor.com\/fr\/politique-de-confidentialite\/\" \/>\n<meta property=\"og:locale\" content=\"fr_FR\" \/>\n<meta property=\"og:type\" content=\"article\" \/>\n<meta property=\"og:title\" content=\"Pol\u00edtica de privacidad - Epidor - Expertos en soluciones de estanqueidad\" \/>\n<meta property=\"og:description\" content=\"Protecci\u00f3n de datos de car\u00e1cter personal seg\u00fan el RGPD EPIDOR SEALS &amp; RUBBER TECHNOLOGY, S.L.U., en aplicaci\u00f3n de la normativa vigente en materia de&nbsp;protecci\u00f3n de datos&nbsp;de car\u00e1cter personal, informa que los datos personales que se recogen a trav\u00e9s de los formularios del Sitio web: epidor-srt.com, se incluyen en los ficheros automatizados espec\u00edficos de usuarios de [&hellip;]\" \/>\n<meta property=\"og:url\" content=\"https:\/\/epidor.com\/fr\/politique-de-confidentialite\/\" \/>\n<meta property=\"og:site_name\" content=\"Epidor - Expertos en soluciones de estanqueidad\" \/>\n<meta property=\"article:modified_time\" content=\"2025-09-24T07:09:15+00:00\" \/>\n<meta property=\"og:image\" content=\"https:\/\/epidor.com\/wp-content\/uploads\/2025\/05\/imagen-unete-al-equipo.jpg\" \/>\n\t<meta property=\"og:image:width\" content=\"2000\" \/>\n\t<meta property=\"og:image:height\" content=\"1093\" \/>\n\t<meta property=\"og:image:type\" content=\"image\/jpeg\" \/>\n<meta name=\"twitter:card\" content=\"summary_large_image\" \/>\n<meta name=\"twitter:label1\" content=\"Dur\u00e9e de lecture estim\u00e9e\" \/>\n\t<meta name=\"twitter:data1\" content=\"8 minutes\" \/>\n<script type=\"application\/ld+json\" class=\"yoast-schema-graph\">{\"@context\":\"https:\\\/\\\/schema.org\",\"@graph\":[{\"@type\":\"WebPage\",\"@id\":\"https:\\\/\\\/epidor.com\\\/fr\\\/politica-de-privacidad\\\/\",\"url\":\"https:\\\/\\\/epidor.com\\\/fr\\\/politica-de-privacidad\\\/\",\"name\":\"Pol\u00edtica de privacidad - Epidor - Expertos en soluciones de estanqueidad\",\"isPartOf\":{\"@id\":\"https:\\\/\\\/epidor.com\\\/fr\\\/#website\"},\"datePublished\":\"2025-05-07T09:10:00+00:00\",\"dateModified\":\"2025-09-24T07:09:15+00:00\",\"breadcrumb\":{\"@id\":\"https:\\\/\\\/epidor.com\\\/fr\\\/politica-de-privacidad\\\/#breadcrumb\"},\"inLanguage\":\"fr-FR\",\"potentialAction\":[{\"@type\":\"ReadAction\",\"target\":[\"https:\\\/\\\/epidor.com\\\/fr\\\/politica-de-privacidad\\\/\"]}]},{\"@type\":\"BreadcrumbList\",\"@id\":\"https:\\\/\\\/epidor.com\\\/fr\\\/politica-de-privacidad\\\/#breadcrumb\",\"itemListElement\":[{\"@type\":\"ListItem\",\"position\":1,\"name\":\"Portada\",\"item\":\"https:\\\/\\\/epidor.com\\\/\"},{\"@type\":\"ListItem\",\"position\":2,\"name\":\"Pol\u00edtica de privacidad\"}]},{\"@type\":\"WebSite\",\"@id\":\"https:\\\/\\\/epidor.com\\\/fr\\\/#website\",\"url\":\"https:\\\/\\\/epidor.com\\\/fr\\\/\",\"name\":\"Epidor - Expertos en soluciones de estanqueidad\",\"description\":\"Expertos en soluciones de estanqueidad\",\"publisher\":{\"@id\":\"https:\\\/\\\/epidor.com\\\/fr\\\/#organization\"},\"potentialAction\":[{\"@type\":\"SearchAction\",\"target\":{\"@type\":\"EntryPoint\",\"urlTemplate\":\"https:\\\/\\\/epidor.com\\\/fr\\\/?s={search_term_string}\"},\"query-input\":{\"@type\":\"PropertyValueSpecification\",\"valueRequired\":true,\"valueName\":\"search_term_string\"}}],\"inLanguage\":\"fr-FR\"},{\"@type\":\"Organization\",\"@id\":\"https:\\\/\\\/epidor.com\\\/fr\\\/#organization\",\"name\":\"Epidor - Expertos en soluciones de estanqueidad\",\"url\":\"https:\\\/\\\/epidor.com\\\/fr\\\/\",\"logo\":{\"@type\":\"ImageObject\",\"inLanguage\":\"fr-FR\",\"@id\":\"https:\\\/\\\/epidor.com\\\/fr\\\/#\\\/schema\\\/logo\\\/image\\\/\",\"url\":\"https:\\\/\\\/epidor.com\\\/wp-content\\\/uploads\\\/2025\\\/05\\\/favicon-epidor-180.png\",\"contentUrl\":\"https:\\\/\\\/epidor.com\\\/wp-content\\\/uploads\\\/2025\\\/05\\\/favicon-epidor-180.png\",\"width\":180,\"height\":180,\"caption\":\"Epidor - Expertos en soluciones de estanqueidad\"},\"image\":{\"@id\":\"https:\\\/\\\/epidor.com\\\/fr\\\/#\\\/schema\\\/logo\\\/image\\\/\"}}]}<\/script>\n<!-- \/ Yoast SEO plugin. -->","yoast_head_json":{"title":"Politique de confidentialit\u00e9 - Epidor - Expert en solutions d'\u00e9tanch\u00e9it\u00e9","robots":{"index":"index","follow":"follow","max-snippet":"max-snippet:-1","max-image-preview":"max-image-preview:large","max-video-preview":"max-video-preview:-1"},"canonical":"https:\/\/epidor.com\/fr\/politique-de-confidentialite\/","og_locale":"fr_FR","og_type":"article","og_title":"Pol\u00edtica de privacidad - Epidor - Expertos en soluciones de estanqueidad","og_description":"Protecci\u00f3n de datos de car\u00e1cter personal seg\u00fan el RGPD EPIDOR SEALS &amp; RUBBER TECHNOLOGY, S.L.U., en aplicaci\u00f3n de la normativa vigente en materia de&nbsp;protecci\u00f3n de datos&nbsp;de car\u00e1cter personal, informa que los datos personales que se recogen a trav\u00e9s de los formularios del Sitio web: epidor-srt.com, se incluyen en los ficheros automatizados espec\u00edficos de usuarios de [&hellip;]","og_url":"https:\/\/epidor.com\/fr\/politique-de-confidentialite\/","og_site_name":"Epidor - Expertos en soluciones de estanqueidad","article_modified_time":"2025-09-24T07:09:15+00:00","og_image":[{"width":2000,"height":1093,"url":"https:\/\/epidor.com\/wp-content\/uploads\/2025\/05\/imagen-unete-al-equipo.jpg","type":"image\/jpeg"}],"twitter_card":"summary_large_image","twitter_misc":{"Dur\u00e9e de lecture estim\u00e9e":"8 minutes"},"schema":{"@context":"https:\/\/schema.org","@graph":[{"@type":"WebPage","@id":"https:\/\/epidor.com\/fr\/politica-de-privacidad\/","url":"https:\/\/epidor.com\/fr\/politica-de-privacidad\/","name":"Politique de confidentialit\u00e9 - Epidor - Expert en solutions d'\u00e9tanch\u00e9it\u00e9","isPartOf":{"@id":"https:\/\/epidor.com\/fr\/#website"},"datePublished":"2025-05-07T09:10:00+00:00","dateModified":"2025-09-24T07:09:15+00:00","breadcrumb":{"@id":"https:\/\/epidor.com\/fr\/politica-de-privacidad\/#breadcrumb"},"inLanguage":"fr-FR","potentialAction":[{"@type":"ReadAction","target":["https:\/\/epidor.com\/fr\/politica-de-privacidad\/"]}]},{"@type":"BreadcrumbList","@id":"https:\/\/epidor.com\/fr\/politica-de-privacidad\/#breadcrumb","itemListElement":[{"@type":"ListItem","position":1,"name":"Portada","item":"https:\/\/epidor.com\/"},{"@type":"ListItem","position":2,"name":"Pol\u00edtica de privacidad"}]},{"@type":"WebSite","@id":"https:\/\/epidor.com\/fr\/#website","url":"https:\/\/epidor.com\/fr\/","name":"Epidor - Experts en solutions d'\u00e9tanch\u00e9it\u00e9","description":"Experts en solutions d'\u00e9tanch\u00e9it\u00e9","publisher":{"@id":"https:\/\/epidor.com\/fr\/#organization"},"potentialAction":[{"@type":"SearchAction","target":{"@type":"EntryPoint","urlTemplate":"https:\/\/epidor.com\/fr\/?s={search_term_string}"},"query-input":{"@type":"PropertyValueSpecification","valueRequired":true,"valueName":"search_term_string"}}],"inLanguage":"fr-FR"},{"@type":"Organization","@id":"https:\/\/epidor.com\/fr\/#organization","name":"Epidor - Experts en solutions d'\u00e9tanch\u00e9it\u00e9","url":"https:\/\/epidor.com\/fr\/","logo":{"@type":"ImageObject","inLanguage":"fr-FR","@id":"https:\/\/epidor.com\/fr\/#\/schema\/logo\/image\/","url":"https:\/\/epidor.com\/wp-content\/uploads\/2025\/05\/favicon-epidor-180.png","contentUrl":"https:\/\/epidor.com\/wp-content\/uploads\/2025\/05\/favicon-epidor-180.png","width":180,"height":180,"caption":"Epidor - Expertos en soluciones de estanqueidad"},"image":{"@id":"https:\/\/epidor.com\/fr\/#\/schema\/logo\/image\/"}}]}},"_links":{"self":[{"href":"https:\/\/epidor.com\/fr\/wp-json\/wp\/v2\/pages\/10501","targetHints":{"allow":["GET"]}}],"collection":[{"href":"https:\/\/epidor.com\/fr\/wp-json\/wp\/v2\/pages"}],"about":[{"href":"https:\/\/epidor.com\/fr\/wp-json\/wp\/v2\/types\/page"}],"author":[{"embeddable":true,"href":"https:\/\/epidor.com\/fr\/wp-json\/wp\/v2\/users\/4"}],"replies":[{"embeddable":true,"href":"https:\/\/epidor.com\/fr\/wp-json\/wp\/v2\/comments?post=10501"}],"version-history":[{"count":4,"href":"https:\/\/epidor.com\/fr\/wp-json\/wp\/v2\/pages\/10501\/revisions"}],"predecessor-version":[{"id":12508,"href":"https:\/\/epidor.com\/fr\/wp-json\/wp\/v2\/pages\/10501\/revisions\/12508"}],"wp:attachment":[{"href":"https:\/\/epidor.com\/fr\/wp-json\/wp\/v2\/media?parent=10501"}],"curies":[{"name":"wp","href":"https:\/\/api.w.org\/{rel}","templated":true}]}}