{"id":12468,"date":"2025-07-14T11:20:35","date_gmt":"2025-07-14T09:20:35","guid":{"rendered":"https:\/\/epidor.com\/?page_id=12468"},"modified":"2025-08-01T12:52:36","modified_gmt":"2025-08-01T10:52:36","slug":"barrages-de-formulaires","status":"publish","type":"page","link":"https:\/\/epidor.com\/fr\/formulario-retenes\/","title":{"rendered":"T\u00e9l\u00e9charger le catalogue des anneaux de retenue"},"content":{"rendered":"<div class=\"wpcf7 no-js\" id=\"wpcf7-f12469-o1\" lang=\"en-US\" dir=\"ltr\" data-wpcf7-id=\"12469\">\n<div class=\"screen-reader-response\"><p role=\"status\" aria-live=\"polite\" aria-atomic=\"true\"><\/p> <ul><\/ul><\/div>\n<form action=\"\/fr\/wp-json\/wp\/v2\/pages\/12468#wpcf7-f12469-o1\" method=\"post\" class=\"wpcf7-form init\" aria-label=\"Formulaire de contact\" novalidate=\"novalidate\" data-status=\"init\" data-trp-original-action=\"\/fr\/wp-json\/wp\/v2\/pages\/12468#wpcf7-f12469-o1\">\n<fieldset class=\"hidden-fields-container\"><input type=\"hidden\" name=\"_wpcf7\" value=\"12469\" \/><input type=\"hidden\" name=\"_wpcf7_version\" value=\"6.1.5\" \/><input type=\"hidden\" name=\"_wpcf7_locale\" value=\"en_US\" \/><input type=\"hidden\" name=\"_wpcf7_unit_tag\" value=\"wpcf7-f12469-o1\" \/><input type=\"hidden\" name=\"_wpcf7_container_post\" value=\"0\" \/><input type=\"hidden\" name=\"_wpcf7_posted_data_hash\" value=\"\" \/><input type=\"hidden\" name=\"_wpcf7_recaptcha_response\" value=\"\" \/>\n<\/fieldset>\n<input class=\"wpcf7-form-control wpcf7-hidden\" id=\"tituloPagina\" value=\"\" type=\"hidden\" name=\"titulo-pagina\" \/>\n<input class=\"wpcf7-form-control wpcf7-hidden\" id=\"tituloH1\" value=\"\" type=\"hidden\" name=\"titulo-h1\" \/>\n\n<div class=\"\" uk-grid>\n  <div class=\"uk-width-1-1 uk-width-1-2@s\" uk-scrollspy-class=\"uk-animation-slide-bottom-medium\">\n    <label class=\"uk-form-label\">Nom*<\/label>\n    <div class=\"uk-form-controls\">\n      <span class=\"wpcf7-form-control-wrap\" data-name=\"your-name\"><input size=\"40\" maxlength=\"400\" class=\"wpcf7-form-control wpcf7-text wpcf7-validates-as-required uk-input\" aria-required=\"true\" aria-invalid=\"false\" value=\"\" type=\"text\" name=\"your-name\" \/><\/span>\n    <\/div>\n  <\/div>\n\n  <div class=\"uk-width-1-1 uk-width-1-2@s\" uk-scrollspy-class=\"uk-animation-slide-bottom-medium\">\n    <label class=\"uk-form-label\">Soci\u00e9t\u00e9*<\/label>\n    <div class=\"uk-form-controls\">\n      <span class=\"wpcf7-form-control-wrap\" data-name=\"your-company\"><input size=\"40\" maxlength=\"400\" class=\"wpcf7-form-control wpcf7-text wpcf7-validates-as-required uk-input\" aria-required=\"true\" aria-invalid=\"false\" value=\"\" type=\"text\" name=\"your-company\" \/><\/span>\n    <\/div>\n  <\/div>\n\n  <div class=\"uk-width-1-1 uk-width-1-2@s\" uk-scrollspy-class=\"uk-animation-slide-bottom-medium\">\n    <label class=\"uk-form-label\">Courriel<\/label>\n    <div class=\"uk-form-controls\">\n      <span class=\"wpcf7-form-control-wrap\" data-name=\"your-email\"><input size=\"40\" maxlength=\"400\" class=\"wpcf7-form-control wpcf7-email wpcf7-validates-as-required wpcf7-text wpcf7-validates-as-email uk-input\" aria-required=\"true\" aria-invalid=\"false\" value=\"\" type=\"email\" name=\"your-email\" \/><\/span>\n    <\/div>\n  <\/div>\n\n  <div class=\"uk-width-1-1\" uk-scrollspy-class=\"uk-animation-slide-bottom-medium\"> \n    <div class=\"uk-text-small\">\n      Nous vous informons que le responsable du traitement de ce formulaire est EPIDOR SEALS AND RUBBER TECHNOLOGY, S.L.U. L'objectif est de g\u00e9rer votre demande de t\u00e9l\u00e9chargement et, si vous nous y autorisez, de vous envoyer des communications sur des produits ou services connexes. Vous pouvez exercer vos droits d'acc\u00e8s, de rectification, de suppression et autres. Plus d'informations dans notre <a href=\"\/fr\/politique-de-confidentialite\/\" target=\"_blank\">politique de confidentialit\u00e9<\/a>.\n    <\/div>\n  <\/div>\n\n  <div class=\"uk-width-1-1 uk-margin-top policyCheckbox checkboxLabel\" uk-scrollspy-class=\"uk-animation-slide-bottom-medium\">\n    <span class=\"wpcf7-form-control-wrap\" data-name=\"policy\"><span class=\"wpcf7-form-control wpcf7-acceptance\"><span class=\"wpcf7-list-item\"><label><input type=\"checkbox\" name=\"policy\" value=\"1\" class=\"uk-checkbox\" id=\"policy\" aria-invalid=\"false\" \/><span class=\"wpcf7-list-item-label\"><span class=\"uk-text-small\">J'ai lu et j'accepte les <a href=\"\/fr\/avis-juridique\/\" target=\"_blank\">avis juridique<\/a> et le <a href=\"\/fr\/politique-de-confidentialite\/\" target=\"_blank\">politique de confidentialit\u00e9<\/a> d'EPIDOR.<\/span><\/span><\/label><\/span><\/span><\/span>\n  <\/div>\n\n  <div class=\"uk-width-1-1 uk-margin-top\" uk-scrollspy-class=\"uk-animation-slide-bottom-medium\">\n    <input class=\"wpcf7-form-control wpcf7-submit has-spinner uk-button uk-button-default\" type=\"submit\" value=\"T\u00e9l\u00e9charger le catalogue\" \/>\n  <\/div>\n<\/div><div class=\"wpcf7-response-output\" aria-hidden=\"true\"><\/div>\n<input type=\"hidden\" name=\"trp-form-language\" value=\"fr\"\/><\/form>\n<\/div>\n\n\n\n\n<p><\/p>","protected":false},"excerpt":{"rendered":"","protected":false},"author":3,"featured_media":0,"parent":0,"menu_order":0,"comment_status":"closed","ping_status":"closed","template":"","meta":{"_acf_changed":false,"footnotes":""},"class_list":["post-12468","page","type-page","status-publish","hentry"],"acf":[],"yoast_head":"<!-- This site is optimized with the Yoast SEO plugin v27.3 - https:\/\/yoast.com\/product\/yoast-seo-wordpress\/ -->\n<title>Descarga el cat\u00e1logo de Retenes - Epidor - Expertos en soluciones de estanqueidad<\/title>\n<meta name=\"robots\" content=\"index, follow, max-snippet:-1, max-image-preview:large, max-video-preview:-1\" \/>\n<link rel=\"canonical\" href=\"https:\/\/epidor.com\/fr\/barrages-de-formulaires\/\" \/>\n<meta property=\"og:locale\" content=\"fr_FR\" \/>\n<meta property=\"og:type\" content=\"article\" \/>\n<meta property=\"og:title\" content=\"Descarga el cat\u00e1logo de Retenes - Epidor - Expertos en soluciones de estanqueidad\" \/>\n<meta property=\"og:url\" content=\"https:\/\/epidor.com\/fr\/barrages-de-formulaires\/\" \/>\n<meta property=\"og:site_name\" content=\"Epidor - Expertos en soluciones de estanqueidad\" \/>\n<meta property=\"article:modified_time\" content=\"2025-08-01T10:52:36+00:00\" \/>\n<meta property=\"og:image\" content=\"https:\/\/epidor.com\/wp-content\/uploads\/2025\/05\/imagen-unete-al-equipo.jpg\" \/>\n\t<meta property=\"og:image:width\" content=\"2000\" \/>\n\t<meta property=\"og:image:height\" content=\"1093\" \/>\n\t<meta property=\"og:image:type\" content=\"image\/jpeg\" \/>\n<meta name=\"twitter:card\" content=\"summary_large_image\" \/>\n<meta name=\"twitter:label1\" content=\"Dur\u00e9e de lecture estim\u00e9e\" \/>\n\t<meta name=\"twitter:data1\" content=\"1 minute\" \/>\n<script type=\"application\/ld+json\" class=\"yoast-schema-graph\">{\"@context\":\"https:\\\/\\\/schema.org\",\"@graph\":[{\"@type\":\"WebPage\",\"@id\":\"https:\\\/\\\/epidor.com\\\/fr\\\/formulario-retenes\\\/\",\"url\":\"https:\\\/\\\/epidor.com\\\/fr\\\/formulario-retenes\\\/\",\"name\":\"Descarga el cat\u00e1logo de Retenes - Epidor - Expertos en soluciones de estanqueidad\",\"isPartOf\":{\"@id\":\"https:\\\/\\\/epidor.com\\\/fr\\\/#website\"},\"datePublished\":\"2025-07-14T09:20:35+00:00\",\"dateModified\":\"2025-08-01T10:52:36+00:00\",\"breadcrumb\":{\"@id\":\"https:\\\/\\\/epidor.com\\\/fr\\\/formulario-retenes\\\/#breadcrumb\"},\"inLanguage\":\"fr-FR\",\"potentialAction\":[{\"@type\":\"ReadAction\",\"target\":[\"https:\\\/\\\/epidor.com\\\/fr\\\/formulario-retenes\\\/\"]}]},{\"@type\":\"BreadcrumbList\",\"@id\":\"https:\\\/\\\/epidor.com\\\/fr\\\/formulario-retenes\\\/#breadcrumb\",\"itemListElement\":[{\"@type\":\"ListItem\",\"position\":1,\"name\":\"Portada\",\"item\":\"https:\\\/\\\/epidor.com\\\/\"},{\"@type\":\"ListItem\",\"position\":2,\"name\":\"Descarga el cat\u00e1logo de Retenes\"}]},{\"@type\":\"WebSite\",\"@id\":\"https:\\\/\\\/epidor.com\\\/fr\\\/#website\",\"url\":\"https:\\\/\\\/epidor.com\\\/fr\\\/\",\"name\":\"Epidor - Expertos en soluciones de estanqueidad\",\"description\":\"Expertos en soluciones de estanqueidad\",\"publisher\":{\"@id\":\"https:\\\/\\\/epidor.com\\\/fr\\\/#organization\"},\"potentialAction\":[{\"@type\":\"SearchAction\",\"target\":{\"@type\":\"EntryPoint\",\"urlTemplate\":\"https:\\\/\\\/epidor.com\\\/fr\\\/?s={search_term_string}\"},\"query-input\":{\"@type\":\"PropertyValueSpecification\",\"valueRequired\":true,\"valueName\":\"search_term_string\"}}],\"inLanguage\":\"fr-FR\"},{\"@type\":\"Organization\",\"@id\":\"https:\\\/\\\/epidor.com\\\/fr\\\/#organization\",\"name\":\"Epidor - Expertos en soluciones de estanqueidad\",\"url\":\"https:\\\/\\\/epidor.com\\\/fr\\\/\",\"logo\":{\"@type\":\"ImageObject\",\"inLanguage\":\"fr-FR\",\"@id\":\"https:\\\/\\\/epidor.com\\\/fr\\\/#\\\/schema\\\/logo\\\/image\\\/\",\"url\":\"https:\\\/\\\/epidor.com\\\/wp-content\\\/uploads\\\/2025\\\/05\\\/favicon-epidor-180.png\",\"contentUrl\":\"https:\\\/\\\/epidor.com\\\/wp-content\\\/uploads\\\/2025\\\/05\\\/favicon-epidor-180.png\",\"width\":180,\"height\":180,\"caption\":\"Epidor - Expertos en soluciones de estanqueidad\"},\"image\":{\"@id\":\"https:\\\/\\\/epidor.com\\\/fr\\\/#\\\/schema\\\/logo\\\/image\\\/\"}}]}<\/script>\n<!-- \/ Yoast SEO plugin. -->","yoast_head_json":{"title":"T\u00e9l\u00e9charger le catalogue des Joints d'\u00e9tanch\u00e9it\u00e9 - Epidor - Expert en solutions d'\u00e9tanch\u00e9it\u00e9","robots":{"index":"index","follow":"follow","max-snippet":"max-snippet:-1","max-image-preview":"max-image-preview:large","max-video-preview":"max-video-preview:-1"},"canonical":"https:\/\/epidor.com\/fr\/barrages-de-formulaires\/","og_locale":"fr_FR","og_type":"article","og_title":"Descarga el cat\u00e1logo de Retenes - Epidor - Expertos en soluciones de estanqueidad","og_url":"https:\/\/epidor.com\/fr\/barrages-de-formulaires\/","og_site_name":"Epidor - Expertos en soluciones de estanqueidad","article_modified_time":"2025-08-01T10:52:36+00:00","og_image":[{"width":2000,"height":1093,"url":"https:\/\/epidor.com\/wp-content\/uploads\/2025\/05\/imagen-unete-al-equipo.jpg","type":"image\/jpeg"}],"twitter_card":"summary_large_image","twitter_misc":{"Dur\u00e9e de lecture estim\u00e9e":"1 minute"},"schema":{"@context":"https:\/\/schema.org","@graph":[{"@type":"WebPage","@id":"https:\/\/epidor.com\/fr\/formulario-retenes\/","url":"https:\/\/epidor.com\/fr\/formulario-retenes\/","name":"T\u00e9l\u00e9charger le catalogue des Joints d'\u00e9tanch\u00e9it\u00e9 - Epidor - Expert en solutions d'\u00e9tanch\u00e9it\u00e9","isPartOf":{"@id":"https:\/\/epidor.com\/fr\/#website"},"datePublished":"2025-07-14T09:20:35+00:00","dateModified":"2025-08-01T10:52:36+00:00","breadcrumb":{"@id":"https:\/\/epidor.com\/fr\/formulario-retenes\/#breadcrumb"},"inLanguage":"fr-FR","potentialAction":[{"@type":"ReadAction","target":["https:\/\/epidor.com\/fr\/formulario-retenes\/"]}]},{"@type":"BreadcrumbList","@id":"https:\/\/epidor.com\/fr\/formulario-retenes\/#breadcrumb","itemListElement":[{"@type":"ListItem","position":1,"name":"Portada","item":"https:\/\/epidor.com\/"},{"@type":"ListItem","position":2,"name":"Descarga el cat\u00e1logo de Retenes"}]},{"@type":"WebSite","@id":"https:\/\/epidor.com\/fr\/#website","url":"https:\/\/epidor.com\/fr\/","name":"Epidor - Experts en solutions d'\u00e9tanch\u00e9it\u00e9","description":"Experts en solutions d'\u00e9tanch\u00e9it\u00e9","publisher":{"@id":"https:\/\/epidor.com\/fr\/#organization"},"potentialAction":[{"@type":"SearchAction","target":{"@type":"EntryPoint","urlTemplate":"https:\/\/epidor.com\/fr\/?s={search_term_string}"},"query-input":{"@type":"PropertyValueSpecification","valueRequired":true,"valueName":"search_term_string"}}],"inLanguage":"fr-FR"},{"@type":"Organization","@id":"https:\/\/epidor.com\/fr\/#organization","name":"Epidor - Experts en solutions d'\u00e9tanch\u00e9it\u00e9","url":"https:\/\/epidor.com\/fr\/","logo":{"@type":"ImageObject","inLanguage":"fr-FR","@id":"https:\/\/epidor.com\/fr\/#\/schema\/logo\/image\/","url":"https:\/\/epidor.com\/wp-content\/uploads\/2025\/05\/favicon-epidor-180.png","contentUrl":"https:\/\/epidor.com\/wp-content\/uploads\/2025\/05\/favicon-epidor-180.png","width":180,"height":180,"caption":"Epidor - Expertos en soluciones de estanqueidad"},"image":{"@id":"https:\/\/epidor.com\/fr\/#\/schema\/logo\/image\/"}}]}},"_links":{"self":[{"href":"https:\/\/epidor.com\/fr\/wp-json\/wp\/v2\/pages\/12468","targetHints":{"allow":["GET"]}}],"collection":[{"href":"https:\/\/epidor.com\/fr\/wp-json\/wp\/v2\/pages"}],"about":[{"href":"https:\/\/epidor.com\/fr\/wp-json\/wp\/v2\/types\/page"}],"author":[{"embeddable":true,"href":"https:\/\/epidor.com\/fr\/wp-json\/wp\/v2\/users\/3"}],"replies":[{"embeddable":true,"href":"https:\/\/epidor.com\/fr\/wp-json\/wp\/v2\/comments?post=12468"}],"version-history":[{"count":2,"href":"https:\/\/epidor.com\/fr\/wp-json\/wp\/v2\/pages\/12468\/revisions"}],"predecessor-version":[{"id":12501,"href":"https:\/\/epidor.com\/fr\/wp-json\/wp\/v2\/pages\/12468\/revisions\/12501"}],"wp:attachment":[{"href":"https:\/\/epidor.com\/fr\/wp-json\/wp\/v2\/media?parent=12468"}],"curies":[{"name":"wp","href":"https:\/\/api.w.org\/{rel}","templated":true}]}}