{"id":2691,"date":"2025-04-16T13:59:54","date_gmt":"2025-04-16T11:59:54","guid":{"rendered":"https:\/\/epidor.com\/?page_id=2691"},"modified":"2025-05-23T14:29:53","modified_gmt":"2025-05-23T12:29:53","slug":"contact","status":"publish","type":"page","link":"https:\/\/epidor.com\/fr\/contacto\/","title":{"rendered":"Contactez-nous \u00e0 l'adresse suivante"},"content":{"rendered":"<h1>Contacto<\/h1>\n<div>\n<p>Te\u00a0ayudamos <\/p>\n<\/div>\n<div>\n<p>Nuestro equipo de asesores ingenieros te echar\u00e1 una mano en la selecci\u00f3n del producto o servicio que mejor se adapta a tus necesidades.<\/p>\n<\/div>\n<h1>Ubicaci\u00f3n<\/h1>\n<div>\n<p><b>SEDE CENTRAL<\/b><\/p>\n<p>Pol. Ind. Els Batzacs. Xops, 5<br \/>08185 Lli\u00e7\u00e0 de Vall (Barcelona)<\/p>\n<p>938 63 32 77<br \/>info@epidor.com<\/p>\n<\/p>\n<\/div>\n<div>\n\n<div class=\"wpcf7 no-js\" id=\"wpcf7-f2501-o1\" lang=\"en-US\" dir=\"ltr\" data-wpcf7-id=\"2501\">\n<div class=\"screen-reader-response\"><p role=\"status\" aria-live=\"polite\" aria-atomic=\"true\"><\/p> <ul><\/ul><\/div>\n<form action=\"\/fr\/wp-json\/wp\/v2\/pages\/2691#wpcf7-f2501-o1\" method=\"post\" class=\"wpcf7-form init\" aria-label=\"Contact form\" novalidate=\"novalidate\" data-status=\"init\">\n<fieldset class=\"hidden-fields-container\"><input type=\"hidden\" name=\"_wpcf7\" value=\"2501\" \/><input type=\"hidden\" name=\"_wpcf7_version\" value=\"6.1.5\" \/><input type=\"hidden\" name=\"_wpcf7_locale\" value=\"en_US\" \/><input type=\"hidden\" name=\"_wpcf7_unit_tag\" value=\"wpcf7-f2501-o1\" \/><input type=\"hidden\" name=\"_wpcf7_container_post\" value=\"0\" \/><input type=\"hidden\" name=\"_wpcf7_posted_data_hash\" value=\"\" \/><input type=\"hidden\" name=\"_wpcf7_recaptcha_response\" value=\"\" \/>\n<\/fieldset>\n<input class=\"wpcf7-form-control wpcf7-hidden\" id=\"tituloPagina\" value=\"\" type=\"hidden\" name=\"titulo-pagina\" \/>\n<input class=\"wpcf7-form-control wpcf7-hidden\" id=\"tituloH1\" value=\"\" type=\"hidden\" name=\"titulo-h1\" \/>\n<div class=\"\" uk-grid>\n  <div class=\"uk-width-1-1 uk-width-1-2@s\" uk-scrollspy-class=\"uk-animation-slide-bottom-medium\">\n     <label class=\"uk-form-label\">Nombre*<\/label>\n     <div class=\"uk-form-controls\">\n         <span class=\"wpcf7-form-control-wrap\" data-name=\"your-name\"><input size=\"40\" maxlength=\"400\" class=\"wpcf7-form-control wpcf7-text wpcf7-validates-as-required uk-input\" aria-required=\"true\" aria-invalid=\"false\" value=\"\" type=\"text\" name=\"your-name\" \/><\/span>\n     <\/div>\n  <\/div>\n  <div class=\"uk-width-1-1 uk-width-1-2@s\" uk-scrollspy-class=\"uk-animation-slide-bottom-medium\">\n     <label class=\"uk-form-label\">Empresa*<\/label>\n     <div class=\"uk-form-controls\">\n         <span class=\"wpcf7-form-control-wrap\" data-name=\"your-company\"><input size=\"40\" maxlength=\"400\" class=\"wpcf7-form-control wpcf7-text wpcf7-validates-as-required uk-input\" aria-required=\"true\" aria-invalid=\"false\" value=\"\" type=\"text\" name=\"your-company\" \/><\/span>\n     <\/div>\n  <\/div>\n  <div class=\"uk-width-1-1 uk-width-1-2@s\" uk-scrollspy-class=\"uk-animation-slide-bottom-medium\">\n     <label class=\"uk-form-label\">Cargo*<\/label>\n     <div class=\"uk-form-controls\">\n         <span class=\"wpcf7-form-control-wrap\" data-name=\"your-position\"><input size=\"40\" maxlength=\"400\" class=\"wpcf7-form-control wpcf7-text wpcf7-validates-as-required uk-input\" aria-required=\"true\" aria-invalid=\"false\" value=\"\" type=\"text\" name=\"your-position\" \/><\/span>\n     <\/div>\n  <\/div>\n  <div class=\"uk-width-1-1 uk-width-1-2@s\" uk-scrollspy-class=\"uk-animation-slide-bottom-medium\">\n     <label class=\"uk-form-label\">Email*<\/label>\n     <div class=\"uk-form-controls\">\n         <span class=\"wpcf7-form-control-wrap\" data-name=\"your-email\"><input size=\"40\" maxlength=\"400\" class=\"wpcf7-form-control wpcf7-email wpcf7-validates-as-required wpcf7-text wpcf7-validates-as-email uk-input\" aria-required=\"true\" aria-invalid=\"false\" value=\"\" type=\"email\" name=\"your-email\" \/><\/span>\n     <\/div>\n  <\/div>\n <div class=\"uk-width-1-1\" uk-scrollspy-class=\"uk-animation-slide-bottom-medium\">\n     <label class=\"uk-form-label\">\u00bfEn qu\u00e9 podemos ayudarte?*<\/label>\n     <div class=\"uk-form-controls\">\n         <span class=\"wpcf7-form-control-wrap\" data-name=\"your-message\"><textarea cols=\"40\" rows=\"10\" maxlength=\"2000\" class=\"wpcf7-form-control wpcf7-textarea wpcf7-validates-as-required uk-textarea\" aria-required=\"true\" aria-invalid=\"false\" name=\"your-message\"><\/textarea><\/span>\n     <\/div>\n  <\/div>\n  <div class=\"uk-width-1-1\" uk-scrollspy-class=\"uk-animation-slide-bottom-medium\"> \n     <div class=\"uk-text-small\">Le informamos que el responsable del tratamiento de este formulario de recogida de datos es EPIDOR SEALS AND RUBBER TECHNOLOGY, S.L.U.<br>\u2028La finalidad principal de este formulario es registrar la solicitud del usuario de informaci\u00f3n y poder gestionar su petici\u00f3n de solicitud de informaci\u00f3n, relacionada con los servicios y\/o productos de los cuales EPIDOR SEALS AND RUBBER TECHNOLOGY, S.L.U. dispone. As\u00ed mismo, informamos al usuario que la base leg\u00edtima para los tratamientos que se van a llevar a cabo es el consentimiento. <br>\u2028De acuerdo con los derechos que le confiere la normativa vigente en protecci\u00f3n de datos, el usuario podr\u00e1 dirigirse a la autoridad de control competente para presentar la reclamaci\u00f3n que considere oportuna, as\u00ed como tambi\u00e9n podr\u00e1 ejercer los derechos de acceso, rectificaci\u00f3n, limitaci\u00f3n de tratamiento, supresi\u00f3n, portabilidad y oposici\u00f3n al tratamiento de sus datos de car\u00e1cter personal, as\u00ed como a la retirada del consentimiento prestado para el tratamiento de los mismos. Para mayor informaci\u00f3n, el usuario puede dirigirse a nuestra pol\u00edtica de privacidad.<\/div>\n  <\/div>\n  <div class=\"uk-width-1-1 uk-margin-top policyCheckbox checkboxLabel\" uk-scrollspy-class=\"uk-animation-slide-bottom-medium\">\n       <span class=\"wpcf7-form-control-wrap\" data-name=\"policy\"><span class=\"wpcf7-form-control wpcf7-acceptance\"><span class=\"wpcf7-list-item\"><label><input type=\"checkbox\" name=\"policy\" value=\"1\" class=\"uk-checkbox\" id=\"policy\" aria-invalid=\"false\" \/><span class=\"wpcf7-list-item-label\"><span class=\"uk-text-small\">He le\u00eddo y acepto el\u00a0<a href=\"\/aviso-legal\" target=\"_blank\">aviso legal<\/a>\u00a0y la\u00a0<a href=\"\/politica-de-privacidad\" target=\"_blank\">pol\u00edtica de privacidad<\/a>\u00a0de EPIDOR.<\/span><\/span><\/label><\/span><\/span><\/span>\n  <\/div>\n  <div class=\"uk-width-1-1 uk-margin-top\" uk-scrollspy-class=\"uk-animation-slide-bottom-medium\">\n       <input class=\"wpcf7-form-control wpcf7-submit has-spinner uk-button uk-button-default\" type=\"submit\" value=\"Enviar\" \/>\n  <\/div>\n<\/div><div class=\"wpcf7-response-output\" aria-hidden=\"true\"><\/div>\n<\/form>\n<\/div>\n<\/div>\n<p><!--more--><br \/>\n<!-- {\"type\":\"layout\",\"children\":[{\"type\":\"section\",\"props\":{\"header_transparent\":true,\"image_position\":\"center-center\",\"padding\":\"large\",\"style\":\"default\",\"title_breakpoint\":\"xl\",\"title_position\":\"top-left\",\"title_rotation\":\"left\",\"vertical_align\":\"middle\",\"width\":\"default\"},\"children\":[{\"type\":\"row\",\"children\":[{\"type\":\"column\",\"props\":{\"image_position\":\"center-center\",\"position_sticky_breakpoint\":\"m\"},\"children\":[{\"type\":\"headline\",\"props\":{\"content\":\"Contacto\",\"title_element\":\"h1\",\"title_style\":\"h1\"}}]}]}]},{\"type\":\"section\",\"props\":{\"animation\":\"fade\",\"animation_delay\":\"200\",\"image_position\":\"center-center\",\"style\":\"muted\",\"title_breakpoint\":\"xl\",\"title_position\":\"top-left\",\"title_rotation\":\"left\",\"vertical_align\":\"middle\",\"width\":\"default\"},\"children\":[{\"type\":\"row\",\"children\":[{\"type\":\"column\",\"props\":{\"image_position\":\"center-center\",\"position_sticky_breakpoint\":\"m\",\"width_medium\":\"1-3\"},\"children\":[{\"type\":\"headline\",\"props\":{\"animation\":\"slide-bottom-medium\",\"content\":\"\n\n<p>Te\\u00a0ayudamos <br \\\/><\\\/p>\",\"title_element\":\"div\",\"title_style\":\"h1\"}},{\"type\":\"text\",\"props\":{\"animation\":\"slide-bottom-medium\",\"block_align\":\"center\",\"column_breakpoint\":\"m\",\"content\":\"\n\n<p>Nuestro equipo de asesores ingenieros te echar\\u00e1 una mano en la selecci\\u00f3n del producto o servicio que mejor se adapta a tus necesidades.<\\\/p>\",\"margin\":\"default\"}},{\"type\":\"headline\",\"props\":{\"content\":\"Ubicaci\\u00f3n\",\"title_element\":\"h1\"}},{\"type\":\"text\",\"props\":{\"column_breakpoint\":\"m\",\"content\":\"\n\n<p><b>SEDE CENTRAL<\\\/b><\\\/p>\\n\n\n<p>Pol. Ind. Els Batzacs. Xops, 5<br \\\/>08185 Lli\\u00e7\\u00e0 de Vall (Barcelona)<\\\/p>\\n\n\n<p>938 63 32 77<br \\\/>info@epidor.com<\\\/p>\\n\n\n<p><\\\/p>\",\"margin\":\"default\"}}]},{\"type\":\"column\",\"props\":{\"image_position\":\"center-center\",\"position_sticky_breakpoint\":\"m\",\"width_medium\":\"2-3\"},\"children\":[{\"type\":\"html\",\"props\":{\"content\":\"[contact-form-7 id=\\\"b7f115c\\\"]\"}}]}],\"props\":{\"column_gap\":\"large\",\"layout\":\"1-3,2-3\",\"row_gap\":\"large\"}}],\"name\":\"Form\"}],\"version\":\"4.5.15\",\"yooessentialsVersion\":\"2.3.12\"} --><\/p>\n","protected":false},"excerpt":{"rendered":"<p>Nous contacter Nous vous aidons Notre \u00e9quipe de consultants en ing\u00e9nierie vous aidera \u00e0 choisir le produit ou le service qui r\u00e9pond le mieux \u00e0 vos besoins. Emplacement SI\u00c8GE SOCIAL Pol. Els Batzacs. Xops, 508185 Lli\u00e7\u00e0 de Vall (Barcelona) 938 63 32 77info@epidor.com<\/p>","protected":false},"author":1,"featured_media":0,"parent":0,"menu_order":0,"comment_status":"closed","ping_status":"closed","template":"","meta":{"_acf_changed":false,"footnotes":""},"class_list":["post-2691","page","type-page","status-publish","hentry"],"acf":[],"yoast_head":"<!-- This site is optimized with the Yoast SEO plugin v27.2 - https:\/\/yoast.com\/product\/yoast-seo-wordpress\/ -->\n<title>Cont\u00e1ctanos - Epidor - Expertos en soluciones de estanqueidad<\/title>\n<meta name=\"robots\" content=\"index, follow, max-snippet:-1, max-image-preview:large, max-video-preview:-1\" \/>\n<link rel=\"canonical\" href=\"https:\/\/epidor.com\/fr\/contact\/\" \/>\n<meta property=\"og:locale\" content=\"fr_FR\" \/>\n<meta property=\"og:type\" content=\"article\" \/>\n<meta property=\"og:title\" content=\"Cont\u00e1ctanos - Epidor - Expertos en soluciones de estanqueidad\" \/>\n<meta property=\"og:description\" content=\"Contacto Te\u00a0ayudamos Nuestro equipo de asesores ingenieros te echar\u00e1 una mano en la selecci\u00f3n del producto o servicio que mejor se adapta a tus necesidades. Ubicaci\u00f3n SEDE CENTRAL Pol. Ind. Els Batzacs. Xops, 508185 Lli\u00e7\u00e0 de Vall (Barcelona) 938 63 32 77info@epidor.com\" \/>\n<meta property=\"og:url\" content=\"https:\/\/epidor.com\/fr\/contact\/\" \/>\n<meta property=\"og:site_name\" content=\"Epidor - Expertos en soluciones de estanqueidad\" \/>\n<meta property=\"article:modified_time\" content=\"2025-05-23T12:29:53+00:00\" \/>\n<meta property=\"og:image\" content=\"https:\/\/epidor.com\/wp-content\/uploads\/2025\/05\/imagen-unete-al-equipo.jpg\" \/>\n\t<meta property=\"og:image:width\" content=\"2000\" \/>\n\t<meta property=\"og:image:height\" content=\"1093\" \/>\n\t<meta property=\"og:image:type\" content=\"image\/jpeg\" \/>\n<meta name=\"twitter:card\" content=\"summary_large_image\" \/>\n<script type=\"application\/ld+json\" class=\"yoast-schema-graph\">{\"@context\":\"https:\/\/schema.org\",\"@graph\":[{\"@type\":\"WebPage\",\"@id\":\"https:\/\/epidor.com\/fr\/contacto\/\",\"url\":\"https:\/\/epidor.com\/fr\/contacto\/\",\"name\":\"Cont\u00e1ctanos - Epidor - Expertos en soluciones de estanqueidad\",\"isPartOf\":{\"@id\":\"https:\/\/epidor.com\/fr\/#website\"},\"datePublished\":\"2025-04-16T11:59:54+00:00\",\"dateModified\":\"2025-05-23T12:29:53+00:00\",\"breadcrumb\":{\"@id\":\"https:\/\/epidor.com\/fr\/contacto\/#breadcrumb\"},\"inLanguage\":\"fr-FR\",\"potentialAction\":[{\"@type\":\"ReadAction\",\"target\":[\"https:\/\/epidor.com\/fr\/contacto\/\"]}]},{\"@type\":\"BreadcrumbList\",\"@id\":\"https:\/\/epidor.com\/fr\/contacto\/#breadcrumb\",\"itemListElement\":[{\"@type\":\"ListItem\",\"position\":1,\"name\":\"Portada\",\"item\":\"https:\/\/epidor.com\/\"},{\"@type\":\"ListItem\",\"position\":2,\"name\":\"Cont\u00e1ctanos\"}]},{\"@type\":\"WebSite\",\"@id\":\"https:\/\/epidor.com\/fr\/#website\",\"url\":\"https:\/\/epidor.com\/fr\/\",\"name\":\"Epidor - Expertos en soluciones de estanqueidad\",\"description\":\"Expertos en soluciones de estanqueidad\",\"publisher\":{\"@id\":\"https:\/\/epidor.com\/fr\/#organization\"},\"potentialAction\":[{\"@type\":\"SearchAction\",\"target\":{\"@type\":\"EntryPoint\",\"urlTemplate\":\"https:\/\/epidor.com\/fr\/?s={search_term_string}\"},\"query-input\":{\"@type\":\"PropertyValueSpecification\",\"valueRequired\":true,\"valueName\":\"search_term_string\"}}],\"inLanguage\":\"fr-FR\"},{\"@type\":\"Organization\",\"@id\":\"https:\/\/epidor.com\/fr\/#organization\",\"name\":\"Epidor - Expertos en soluciones de estanqueidad\",\"url\":\"https:\/\/epidor.com\/fr\/\",\"logo\":{\"@type\":\"ImageObject\",\"inLanguage\":\"fr-FR\",\"@id\":\"https:\/\/epidor.com\/fr\/#\/schema\/logo\/image\/\",\"url\":\"https:\/\/epidor.com\/wp-content\/uploads\/2025\/05\/favicon-epidor-180.png\",\"contentUrl\":\"https:\/\/epidor.com\/wp-content\/uploads\/2025\/05\/favicon-epidor-180.png\",\"width\":180,\"height\":180,\"caption\":\"Epidor - Expertos en soluciones de estanqueidad\"},\"image\":{\"@id\":\"https:\/\/epidor.com\/fr\/#\/schema\/logo\/image\/\"}}]}<\/script>\n<!-- \/ Yoast SEO plugin. -->","yoast_head_json":{"title":"Contactez-nous - Epidor - The sealing solutions experts","robots":{"index":"index","follow":"follow","max-snippet":"max-snippet:-1","max-image-preview":"max-image-preview:large","max-video-preview":"max-video-preview:-1"},"canonical":"https:\/\/epidor.com\/fr\/contact\/","og_locale":"fr_FR","og_type":"article","og_title":"Cont\u00e1ctanos - Epidor - Expertos en soluciones de estanqueidad","og_description":"Contacto Te\u00a0ayudamos Nuestro equipo de asesores ingenieros te echar\u00e1 una mano en la selecci\u00f3n del producto o servicio que mejor se adapta a tus necesidades. Ubicaci\u00f3n SEDE CENTRAL Pol. Ind. Els Batzacs. Xops, 508185 Lli\u00e7\u00e0 de Vall (Barcelona) 938 63 32 77info@epidor.com","og_url":"https:\/\/epidor.com\/fr\/contact\/","og_site_name":"Epidor - Expertos en soluciones de estanqueidad","article_modified_time":"2025-05-23T12:29:53+00:00","og_image":[{"width":2000,"height":1093,"url":"https:\/\/epidor.com\/wp-content\/uploads\/2025\/05\/imagen-unete-al-equipo.jpg","type":"image\/jpeg"}],"twitter_card":"summary_large_image","schema":{"@context":"https:\/\/schema.org","@graph":[{"@type":"WebPage","@id":"https:\/\/epidor.com\/fr\/contacto\/","url":"https:\/\/epidor.com\/fr\/contacto\/","name":"Contactez-nous - Epidor - The sealing solutions experts","isPartOf":{"@id":"https:\/\/epidor.com\/fr\/#website"},"datePublished":"2025-04-16T11:59:54+00:00","dateModified":"2025-05-23T12:29:53+00:00","breadcrumb":{"@id":"https:\/\/epidor.com\/fr\/contacto\/#breadcrumb"},"inLanguage":"fr-FR","potentialAction":[{"@type":"ReadAction","target":["https:\/\/epidor.com\/fr\/contacto\/"]}]},{"@type":"BreadcrumbList","@id":"https:\/\/epidor.com\/fr\/contacto\/#breadcrumb","itemListElement":[{"@type":"ListItem","position":1,"name":"Portada","item":"https:\/\/epidor.com\/"},{"@type":"ListItem","position":2,"name":"Cont\u00e1ctanos"}]},{"@type":"WebSite","@id":"https:\/\/epidor.com\/fr\/#website","url":"https:\/\/epidor.com\/fr\/","name":"Epidor - Experts en solutions d'\u00e9tanch\u00e9it\u00e9","description":"Experts en solutions d'\u00e9tanch\u00e9it\u00e9","publisher":{"@id":"https:\/\/epidor.com\/fr\/#organization"},"potentialAction":[{"@type":"SearchAction","target":{"@type":"EntryPoint","urlTemplate":"https:\/\/epidor.com\/fr\/?s={search_term_string}"},"query-input":{"@type":"PropertyValueSpecification","valueRequired":true,"valueName":"search_term_string"}}],"inLanguage":"fr-FR"},{"@type":"Organization","@id":"https:\/\/epidor.com\/fr\/#organization","name":"Epidor - Experts en solutions d'\u00e9tanch\u00e9it\u00e9","url":"https:\/\/epidor.com\/fr\/","logo":{"@type":"ImageObject","inLanguage":"fr-FR","@id":"https:\/\/epidor.com\/fr\/#\/schema\/logo\/image\/","url":"https:\/\/epidor.com\/wp-content\/uploads\/2025\/05\/favicon-epidor-180.png","contentUrl":"https:\/\/epidor.com\/wp-content\/uploads\/2025\/05\/favicon-epidor-180.png","width":180,"height":180,"caption":"Epidor - Expertos en soluciones de estanqueidad"},"image":{"@id":"https:\/\/epidor.com\/fr\/#\/schema\/logo\/image\/"}}]}},"_links":{"self":[{"href":"https:\/\/epidor.com\/fr\/wp-json\/wp\/v2\/pages\/2691","targetHints":{"allow":["GET"]}}],"collection":[{"href":"https:\/\/epidor.com\/fr\/wp-json\/wp\/v2\/pages"}],"about":[{"href":"https:\/\/epidor.com\/fr\/wp-json\/wp\/v2\/types\/page"}],"author":[{"embeddable":true,"href":"https:\/\/epidor.com\/fr\/wp-json\/wp\/v2\/users\/1"}],"replies":[{"embeddable":true,"href":"https:\/\/epidor.com\/fr\/wp-json\/wp\/v2\/comments?post=2691"}],"version-history":[{"count":10,"href":"https:\/\/epidor.com\/fr\/wp-json\/wp\/v2\/pages\/2691\/revisions"}],"predecessor-version":[{"id":12250,"href":"https:\/\/epidor.com\/fr\/wp-json\/wp\/v2\/pages\/2691\/revisions\/12250"}],"wp:attachment":[{"href":"https:\/\/epidor.com\/fr\/wp-json\/wp\/v2\/media?parent=2691"}],"curies":[{"name":"wp","href":"https:\/\/api.w.org\/{rel}","templated":true}]}}